{"id":325,"date":"2025-04-01T19:51:49","date_gmt":"2025-04-01T17:51:49","guid":{"rendered":"https:\/\/polecenia.online\/?page_id=325"},"modified":"2026-01-23T21:11:17","modified_gmt":"2026-01-23T20:11:17","slug":"okx","status":"publish","type":"page","link":"https:\/\/zarabiajwnecie.pl\/?page_id=325","title":{"rendered":"OKX"},"content":{"rendered":"<figure class=\"wp-block-image size-large\"><img loading=\"lazy\" decoding=\"async\" width=\"1024\" height=\"521\" src=\"https:\/\/polecenia.online\/wp-content\/uploads\/2025\/04\/IMG_3550-1024x521.jpg\" alt=\"\" class=\"wp-image-326\" srcset=\"https:\/\/zarabiajwnecie.pl\/wp-content\/uploads\/2025\/04\/IMG_3550-1024x521.jpg 1024w, https:\/\/zarabiajwnecie.pl\/wp-content\/uploads\/2025\/04\/IMG_3550-300x153.jpg 300w, https:\/\/zarabiajwnecie.pl\/wp-content\/uploads\/2025\/04\/IMG_3550-768x391.jpg 768w, https:\/\/zarabiajwnecie.pl\/wp-content\/uploads\/2025\/04\/IMG_3550-1536x782.jpg 1536w, https:\/\/zarabiajwnecie.pl\/wp-content\/uploads\/2025\/04\/IMG_3550-2048x1042.jpg 2048w, https:\/\/zarabiajwnecie.pl\/wp-content\/uploads\/2025\/04\/IMG_3550-600x305.jpg 600w\" sizes=\"auto, (max-width: 1024px) 100vw, 1024px\" \/><\/figure><p class=\"has-white-color has-black-background-color has-text-color has-background has-link-color wp-elements-456162d6071c240ed3b6cd244358fa07\"><strong>414 PLN + 160 PLN<\/strong><\/p><p>WYMAGANIA:<\/p><ul class=\"wp-block-list\"><li>rejestracja z podanego poni\u017cej linku:<br><br><a href=\"https:\/\/my.okx.com\/join\/58742940\">https:\/\/my.okx.com\/join\/58742940<\/a><br><br><\/li>\n\n<li>Referral code:   <strong>58742940<\/strong><br><br><\/li>\n\n<li>weryfikacja KYC<\/li>\n\n<li>depozyt 840 PLN<\/li>\n\n<li>ka\u017cde polecenie (max. 10): 160 PLN<br><br>Depozyt mo\u017cna zrobi\u0107 przelewem na konto lub za pomoc\u0105 krypto.<br>Wymagana jest jedna transakcja na kwot\u0119 min. 840 PLN, np. zakup jednorazowy krypto. <br>Po spe\u0142nieniu tego warunku nowa osoba otrzymuje od serwisu OKX 414 PLN od razu na swoje konto. \u015arodki s\u0105 dost\u0119pne od razu ale wyp\u0142aci\u0107 mo\u017cna je po okresie 30 dni. <br>Tyle samo czasu tj. 30 dni trzeba utrzyma\u0107 saldo 840 PLN &#8211; NIE MNIEJ!!!! na OKX aby m\u00f3c po tym okresie wyp\u0142aci\u0107 BONUS 414 PLN wraz ze swoim depozytem.<br><br><strong>WA\u017bNE!<\/strong>\u00a0Pami\u0119taj, aby podczas rejestracji podac\u00a0<strong><em>REFERRAL CODE: 58742940<\/em><\/strong>\u00a0inaczej nagroda nie zostanie naliczona do Twojego konta.<\/li><\/ul>","protected":false},"excerpt":{"rendered":"<p>414 PLN + 160 PLN WYMAGANIA:<\/p>\n","protected":false},"author":1,"featured_media":0,"parent":0,"menu_order":0,"comment_status":"closed","ping_status":"closed","template":"","meta":{"footnotes":""},"class_list":["post-325","page","type-page","status-publish","hentry"],"yoast_head":"<!-- This site is optimized with the Yoast SEO plugin v25.2 - https:\/\/yoast.com\/wordpress\/plugins\/seo\/ -->\n<title>OKX - zarabianie w internecie<\/title>\n<meta name=\"robots\" content=\"index, follow, max-snippet:-1, max-image-preview:large, max-video-preview:-1\" \/>\n<link rel=\"canonical\" href=\"https:\/\/zarabiajwnecie.pl\/?page_id=325\" \/>\n<meta property=\"og:locale\" content=\"pl_PL\" \/>\n<meta property=\"og:type\" content=\"article\" \/>\n<meta property=\"og:title\" content=\"OKX - zarabianie w internecie\" \/>\n<meta property=\"og:description\" content=\"414 PLN + 160 PLN WYMAGANIA:\" \/>\n<meta property=\"og:url\" content=\"https:\/\/zarabiajwnecie.pl\/?page_id=325\" \/>\n<meta property=\"og:site_name\" content=\"zarabianie w internecie\" \/>\n<meta property=\"article:modified_time\" content=\"2026-01-23T20:11:17+00:00\" \/>\n<meta property=\"og:image\" content=\"https:\/\/zarabiajwnecie.pl\/wp-content\/uploads\/2025\/04\/IMG_3550-scaled.jpg\" \/>\n\t<meta property=\"og:image:width\" content=\"2560\" \/>\n\t<meta property=\"og:image:height\" content=\"1303\" \/>\n\t<meta property=\"og:image:type\" content=\"image\/jpeg\" \/>\n<meta name=\"twitter:card\" content=\"summary_large_image\" \/>\n<meta name=\"twitter:label1\" content=\"Szacowany czas czytania\" \/>\n\t<meta name=\"twitter:data1\" content=\"1 minuta\" \/>\n<script type=\"application\/ld+json\" class=\"yoast-schema-graph\">{\"@context\":\"https:\/\/schema.org\",\"@graph\":[{\"@type\":\"WebPage\",\"@id\":\"https:\/\/zarabiajwnecie.pl\/?page_id=325\",\"url\":\"https:\/\/zarabiajwnecie.pl\/?page_id=325\",\"name\":\"OKX - zarabianie w internecie\",\"isPartOf\":{\"@id\":\"https:\/\/zarabiajwnecie.pl\/#website\"},\"primaryImageOfPage\":{\"@id\":\"https:\/\/zarabiajwnecie.pl\/?page_id=325#primaryimage\"},\"image\":{\"@id\":\"https:\/\/zarabiajwnecie.pl\/?page_id=325#primaryimage\"},\"thumbnailUrl\":\"https:\/\/polecenia.online\/wp-content\/uploads\/2025\/04\/IMG_3550-1024x521.jpg\",\"datePublished\":\"2025-04-01T17:51:49+00:00\",\"dateModified\":\"2026-01-23T20:11:17+00:00\",\"breadcrumb\":{\"@id\":\"https:\/\/zarabiajwnecie.pl\/?page_id=325#breadcrumb\"},\"inLanguage\":\"pl-PL\",\"potentialAction\":[{\"@type\":\"ReadAction\",\"target\":[\"https:\/\/zarabiajwnecie.pl\/?page_id=325\"]}]},{\"@type\":\"ImageObject\",\"inLanguage\":\"pl-PL\",\"@id\":\"https:\/\/zarabiajwnecie.pl\/?page_id=325#primaryimage\",\"url\":\"https:\/\/polecenia.online\/wp-content\/uploads\/2025\/04\/IMG_3550-1024x521.jpg\",\"contentUrl\":\"https:\/\/polecenia.online\/wp-content\/uploads\/2025\/04\/IMG_3550-1024x521.jpg\"},{\"@type\":\"BreadcrumbList\",\"@id\":\"https:\/\/zarabiajwnecie.pl\/?page_id=325#breadcrumb\",\"itemListElement\":[{\"@type\":\"ListItem\",\"position\":1,\"name\":\"Strona g\u0142\u00f3wna\",\"item\":\"https:\/\/zarabiajwnecie.pl\/\"},{\"@type\":\"ListItem\",\"position\":2,\"name\":\"OKX\"}]},{\"@type\":\"WebSite\",\"@id\":\"https:\/\/zarabiajwnecie.pl\/#website\",\"url\":\"https:\/\/zarabiajwnecie.pl\/\",\"name\":\"zarabianie w internecie\",\"description\":\"\",\"potentialAction\":[{\"@type\":\"SearchAction\",\"target\":{\"@type\":\"EntryPoint\",\"urlTemplate\":\"https:\/\/zarabiajwnecie.pl\/?s={search_term_string}\"},\"query-input\":{\"@type\":\"PropertyValueSpecification\",\"valueRequired\":true,\"valueName\":\"search_term_string\"}}],\"inLanguage\":\"pl-PL\"}]}<\/script>\n<!-- \/ Yoast SEO plugin. -->","yoast_head_json":{"title":"OKX - zarabianie w internecie","robots":{"index":"index","follow":"follow","max-snippet":"max-snippet:-1","max-image-preview":"max-image-preview:large","max-video-preview":"max-video-preview:-1"},"canonical":"https:\/\/zarabiajwnecie.pl\/?page_id=325","og_locale":"pl_PL","og_type":"article","og_title":"OKX - zarabianie w internecie","og_description":"414 PLN + 160 PLN WYMAGANIA:","og_url":"https:\/\/zarabiajwnecie.pl\/?page_id=325","og_site_name":"zarabianie w internecie","article_modified_time":"2026-01-23T20:11:17+00:00","og_image":[{"width":2560,"height":1303,"url":"https:\/\/zarabiajwnecie.pl\/wp-content\/uploads\/2025\/04\/IMG_3550-scaled.jpg","type":"image\/jpeg"}],"twitter_card":"summary_large_image","twitter_misc":{"Szacowany czas czytania":"1 minuta"},"schema":{"@context":"https:\/\/schema.org","@graph":[{"@type":"WebPage","@id":"https:\/\/zarabiajwnecie.pl\/?page_id=325","url":"https:\/\/zarabiajwnecie.pl\/?page_id=325","name":"OKX - zarabianie w internecie","isPartOf":{"@id":"https:\/\/zarabiajwnecie.pl\/#website"},"primaryImageOfPage":{"@id":"https:\/\/zarabiajwnecie.pl\/?page_id=325#primaryimage"},"image":{"@id":"https:\/\/zarabiajwnecie.pl\/?page_id=325#primaryimage"},"thumbnailUrl":"https:\/\/polecenia.online\/wp-content\/uploads\/2025\/04\/IMG_3550-1024x521.jpg","datePublished":"2025-04-01T17:51:49+00:00","dateModified":"2026-01-23T20:11:17+00:00","breadcrumb":{"@id":"https:\/\/zarabiajwnecie.pl\/?page_id=325#breadcrumb"},"inLanguage":"pl-PL","potentialAction":[{"@type":"ReadAction","target":["https:\/\/zarabiajwnecie.pl\/?page_id=325"]}]},{"@type":"ImageObject","inLanguage":"pl-PL","@id":"https:\/\/zarabiajwnecie.pl\/?page_id=325#primaryimage","url":"https:\/\/polecenia.online\/wp-content\/uploads\/2025\/04\/IMG_3550-1024x521.jpg","contentUrl":"https:\/\/polecenia.online\/wp-content\/uploads\/2025\/04\/IMG_3550-1024x521.jpg"},{"@type":"BreadcrumbList","@id":"https:\/\/zarabiajwnecie.pl\/?page_id=325#breadcrumb","itemListElement":[{"@type":"ListItem","position":1,"name":"Strona g\u0142\u00f3wna","item":"https:\/\/zarabiajwnecie.pl\/"},{"@type":"ListItem","position":2,"name":"OKX"}]},{"@type":"WebSite","@id":"https:\/\/zarabiajwnecie.pl\/#website","url":"https:\/\/zarabiajwnecie.pl\/","name":"zarabianie w internecie","description":"","potentialAction":[{"@type":"SearchAction","target":{"@type":"EntryPoint","urlTemplate":"https:\/\/zarabiajwnecie.pl\/?s={search_term_string}"},"query-input":{"@type":"PropertyValueSpecification","valueRequired":true,"valueName":"search_term_string"}}],"inLanguage":"pl-PL"}]}},"post_mailing_queue_ids":[],"_links":{"self":[{"href":"https:\/\/zarabiajwnecie.pl\/index.php?rest_route=\/wp\/v2\/pages\/325","targetHints":{"allow":["GET"]}}],"collection":[{"href":"https:\/\/zarabiajwnecie.pl\/index.php?rest_route=\/wp\/v2\/pages"}],"about":[{"href":"https:\/\/zarabiajwnecie.pl\/index.php?rest_route=\/wp\/v2\/types\/page"}],"author":[{"embeddable":true,"href":"https:\/\/zarabiajwnecie.pl\/index.php?rest_route=\/wp\/v2\/users\/1"}],"replies":[{"embeddable":true,"href":"https:\/\/zarabiajwnecie.pl\/index.php?rest_route=%2Fwp%2Fv2%2Fcomments&post=325"}],"version-history":[{"count":4,"href":"https:\/\/zarabiajwnecie.pl\/index.php?rest_route=\/wp\/v2\/pages\/325\/revisions"}],"predecessor-version":[{"id":898,"href":"https:\/\/zarabiajwnecie.pl\/index.php?rest_route=\/wp\/v2\/pages\/325\/revisions\/898"}],"wp:attachment":[{"href":"https:\/\/zarabiajwnecie.pl\/index.php?rest_route=%2Fwp%2Fv2%2Fmedia&parent=325"}],"curies":[{"name":"wp","href":"https:\/\/api.w.org\/{rel}","templated":true}]}}