{"id":339,"date":"2025-04-01T20:03:01","date_gmt":"2025-04-01T18:03:01","guid":{"rendered":"https:\/\/polecenia.online\/?page_id=339"},"modified":"2026-01-23T20:58:07","modified_gmt":"2026-01-23T19:58:07","slug":"nemo-money","status":"publish","type":"page","link":"https:\/\/zarabiajwnecie.pl\/?page_id=339","title":{"rendered":"NEMO MONEY"},"content":{"rendered":"<figure class=\"wp-block-image size-large\"><img loading=\"lazy\" decoding=\"async\" width=\"1024\" height=\"509\" src=\"https:\/\/polecenia.online\/wp-content\/uploads\/2025\/04\/IMG_3564-1024x509.jpg\" alt=\"\" class=\"wp-image-340\" srcset=\"https:\/\/zarabiajwnecie.pl\/wp-content\/uploads\/2025\/04\/IMG_3564-1024x509.jpg 1024w, https:\/\/zarabiajwnecie.pl\/wp-content\/uploads\/2025\/04\/IMG_3564-300x149.jpg 300w, https:\/\/zarabiajwnecie.pl\/wp-content\/uploads\/2025\/04\/IMG_3564-768x382.jpg 768w, https:\/\/zarabiajwnecie.pl\/wp-content\/uploads\/2025\/04\/IMG_3564-1536x764.jpg 1536w, https:\/\/zarabiajwnecie.pl\/wp-content\/uploads\/2025\/04\/IMG_3564-2048x1019.jpg 2048w, https:\/\/zarabiajwnecie.pl\/wp-content\/uploads\/2025\/04\/IMG_3564-600x299.jpg 600w\" sizes=\"auto, (max-width: 1024px) 100vw, 1024px\" \/><\/figure><p class=\"has-white-color has-black-background-color has-text-color has-background has-link-color wp-elements-4be5b1658b2f0a536f98860ff1cf7d42\"><strong>50 USD + 50 USD<\/strong><\/p><p class=\"has-text-align-left\">WYMAGANIA:<\/p><ul class=\"wp-block-list\"><li>rejestracja z podanego poni\u017cej linku<\/li>\n\n<li>weryfikacja KYC<\/li>\n\n<li>depozyt min. 50 USD<\/li>\n\n<li>ka\u017cde polecenie: 50 USD<br><br>1. Pobierz aplikacj\u0119 \u201cNemo Money\u201d na Smartfona<br>2. <strong>Wa\u017cne! Po pobraniu i zainstalowaniu aplikacji \u2013 NIE OTWIERAJ JEJ<\/strong><br>3. Nast\u0119pnie kliknij na poni\u017cszy link promocyjny\u00a0(link przekieruje Ci\u0119 bezpo\u015brednio do aplikacji): <br><br><a href=\"https:\/\/ssqt.co\/meCMlrG\">https:\/\/ssqt.co\/meCMlrG<\/a><br><br>4. Za\u0142\u00f3\u017c konto i zweryfikuj to\u017csamo\u015b\u0107 za pomoc\u0105 KYC (dow\u00f3d osobisty lub paszport + selfie). Zatwierdzenie weryfikacji jest niemal natychmiastowe.<br><br>Je\u017celi masz polskie znaki w imieniu, nazwisku czy adresie \u2013 nie wpisuj ich. Wpisujemy \u201cMichal\u201d zamiast \u201cMicha\u0142\u201d, \u201cLodz\u201d zamiast \u201c\u0141\u00f3d\u017a\u201d itd.<br><br>5. Wp\u0142a\u0107 za pomoc\u0105 dowolnej karty p\u0142atniczej depozyt\u00a0<strong>50$ je\u017celi chcesz uzyska\u0107 bonus w wysoko\u015bci 50$<\/strong>\u00a0\u00a0Wp\u0142ata pojawi si\u0119 od razu na Twoim koncie.<br><br>6. Po zrobionym depozycie pojawi si\u0119 okienko \u201cCLAIM\u201d w kt\u00f3re klikamy, aby odebra\u0107 bonus. Kolejnego dnia roboczego otrzymasz bonus w wysoko\u015bci 50$. Bonus b\u0119dzie zablokowany i zostanie odblokowany po 180 dniach (przy bonusie zobaczysz r\u00f3wnie\u017c dat\u0119 kiedy b\u0119dzie dost\u0119pny do odblokowania). <br><strong>Wp\u0142acony depozyt mo\u017cesz od razu wyp\u0142aci\u0107 na swoje konto bankowe<\/strong> lub mo\u017cesz zainwestowa\u0107 m.in w akcje czy ETFy.<br><br>7. Za ka\u017cd\u0105 polecon\u0105 osob\u0119, kt\u00f3ra spe\u0142ni te same warunki co my otrzymujemy nagrod\u0119 50 USD. <br><br><\/li><\/ul>","protected":false},"excerpt":{"rendered":"<p>50 USD + 50 USD WYMAGANIA:<\/p>\n","protected":false},"author":1,"featured_media":0,"parent":0,"menu_order":0,"comment_status":"closed","ping_status":"closed","template":"","meta":{"footnotes":""},"class_list":["post-339","page","type-page","status-publish","hentry"],"yoast_head":"<!-- This site is optimized with the Yoast SEO plugin v25.2 - https:\/\/yoast.com\/wordpress\/plugins\/seo\/ -->\n<title>NEMO MONEY - zarabianie w internecie<\/title>\n<meta name=\"robots\" content=\"index, follow, max-snippet:-1, max-image-preview:large, max-video-preview:-1\" \/>\n<link rel=\"canonical\" href=\"https:\/\/zarabiajwnecie.pl\/?page_id=339\" \/>\n<meta property=\"og:locale\" content=\"pl_PL\" \/>\n<meta property=\"og:type\" content=\"article\" \/>\n<meta property=\"og:title\" content=\"NEMO MONEY - zarabianie w internecie\" \/>\n<meta property=\"og:description\" content=\"50 USD + 50 USD WYMAGANIA:\" \/>\n<meta property=\"og:url\" content=\"https:\/\/zarabiajwnecie.pl\/?page_id=339\" \/>\n<meta property=\"og:site_name\" content=\"zarabianie w internecie\" \/>\n<meta property=\"article:modified_time\" content=\"2026-01-23T19:58:07+00:00\" \/>\n<meta property=\"og:image\" content=\"https:\/\/zarabiajwnecie.pl\/wp-content\/uploads\/2025\/04\/IMG_3564-scaled.jpg\" \/>\n\t<meta property=\"og:image:width\" content=\"2560\" \/>\n\t<meta property=\"og:image:height\" content=\"1274\" \/>\n\t<meta property=\"og:image:type\" content=\"image\/jpeg\" \/>\n<meta name=\"twitter:card\" content=\"summary_large_image\" \/>\n<meta name=\"twitter:label1\" content=\"Szacowany czas czytania\" \/>\n\t<meta name=\"twitter:data1\" content=\"2 minuty\" \/>\n<script type=\"application\/ld+json\" class=\"yoast-schema-graph\">{\"@context\":\"https:\/\/schema.org\",\"@graph\":[{\"@type\":\"WebPage\",\"@id\":\"https:\/\/zarabiajwnecie.pl\/?page_id=339\",\"url\":\"https:\/\/zarabiajwnecie.pl\/?page_id=339\",\"name\":\"NEMO MONEY - zarabianie w internecie\",\"isPartOf\":{\"@id\":\"https:\/\/zarabiajwnecie.pl\/#website\"},\"primaryImageOfPage\":{\"@id\":\"https:\/\/zarabiajwnecie.pl\/?page_id=339#primaryimage\"},\"image\":{\"@id\":\"https:\/\/zarabiajwnecie.pl\/?page_id=339#primaryimage\"},\"thumbnailUrl\":\"https:\/\/polecenia.online\/wp-content\/uploads\/2025\/04\/IMG_3564-1024x509.jpg\",\"datePublished\":\"2025-04-01T18:03:01+00:00\",\"dateModified\":\"2026-01-23T19:58:07+00:00\",\"breadcrumb\":{\"@id\":\"https:\/\/zarabiajwnecie.pl\/?page_id=339#breadcrumb\"},\"inLanguage\":\"pl-PL\",\"potentialAction\":[{\"@type\":\"ReadAction\",\"target\":[\"https:\/\/zarabiajwnecie.pl\/?page_id=339\"]}]},{\"@type\":\"ImageObject\",\"inLanguage\":\"pl-PL\",\"@id\":\"https:\/\/zarabiajwnecie.pl\/?page_id=339#primaryimage\",\"url\":\"https:\/\/polecenia.online\/wp-content\/uploads\/2025\/04\/IMG_3564-1024x509.jpg\",\"contentUrl\":\"https:\/\/polecenia.online\/wp-content\/uploads\/2025\/04\/IMG_3564-1024x509.jpg\"},{\"@type\":\"BreadcrumbList\",\"@id\":\"https:\/\/zarabiajwnecie.pl\/?page_id=339#breadcrumb\",\"itemListElement\":[{\"@type\":\"ListItem\",\"position\":1,\"name\":\"Strona g\u0142\u00f3wna\",\"item\":\"https:\/\/zarabiajwnecie.pl\/\"},{\"@type\":\"ListItem\",\"position\":2,\"name\":\"NEMO MONEY\"}]},{\"@type\":\"WebSite\",\"@id\":\"https:\/\/zarabiajwnecie.pl\/#website\",\"url\":\"https:\/\/zarabiajwnecie.pl\/\",\"name\":\"zarabianie w internecie\",\"description\":\"\",\"potentialAction\":[{\"@type\":\"SearchAction\",\"target\":{\"@type\":\"EntryPoint\",\"urlTemplate\":\"https:\/\/zarabiajwnecie.pl\/?s={search_term_string}\"},\"query-input\":{\"@type\":\"PropertyValueSpecification\",\"valueRequired\":true,\"valueName\":\"search_term_string\"}}],\"inLanguage\":\"pl-PL\"}]}<\/script>\n<!-- \/ Yoast SEO plugin. -->","yoast_head_json":{"title":"NEMO MONEY - zarabianie w internecie","robots":{"index":"index","follow":"follow","max-snippet":"max-snippet:-1","max-image-preview":"max-image-preview:large","max-video-preview":"max-video-preview:-1"},"canonical":"https:\/\/zarabiajwnecie.pl\/?page_id=339","og_locale":"pl_PL","og_type":"article","og_title":"NEMO MONEY - zarabianie w internecie","og_description":"50 USD + 50 USD WYMAGANIA:","og_url":"https:\/\/zarabiajwnecie.pl\/?page_id=339","og_site_name":"zarabianie w internecie","article_modified_time":"2026-01-23T19:58:07+00:00","og_image":[{"width":2560,"height":1274,"url":"https:\/\/zarabiajwnecie.pl\/wp-content\/uploads\/2025\/04\/IMG_3564-scaled.jpg","type":"image\/jpeg"}],"twitter_card":"summary_large_image","twitter_misc":{"Szacowany czas czytania":"2 minuty"},"schema":{"@context":"https:\/\/schema.org","@graph":[{"@type":"WebPage","@id":"https:\/\/zarabiajwnecie.pl\/?page_id=339","url":"https:\/\/zarabiajwnecie.pl\/?page_id=339","name":"NEMO MONEY - zarabianie w internecie","isPartOf":{"@id":"https:\/\/zarabiajwnecie.pl\/#website"},"primaryImageOfPage":{"@id":"https:\/\/zarabiajwnecie.pl\/?page_id=339#primaryimage"},"image":{"@id":"https:\/\/zarabiajwnecie.pl\/?page_id=339#primaryimage"},"thumbnailUrl":"https:\/\/polecenia.online\/wp-content\/uploads\/2025\/04\/IMG_3564-1024x509.jpg","datePublished":"2025-04-01T18:03:01+00:00","dateModified":"2026-01-23T19:58:07+00:00","breadcrumb":{"@id":"https:\/\/zarabiajwnecie.pl\/?page_id=339#breadcrumb"},"inLanguage":"pl-PL","potentialAction":[{"@type":"ReadAction","target":["https:\/\/zarabiajwnecie.pl\/?page_id=339"]}]},{"@type":"ImageObject","inLanguage":"pl-PL","@id":"https:\/\/zarabiajwnecie.pl\/?page_id=339#primaryimage","url":"https:\/\/polecenia.online\/wp-content\/uploads\/2025\/04\/IMG_3564-1024x509.jpg","contentUrl":"https:\/\/polecenia.online\/wp-content\/uploads\/2025\/04\/IMG_3564-1024x509.jpg"},{"@type":"BreadcrumbList","@id":"https:\/\/zarabiajwnecie.pl\/?page_id=339#breadcrumb","itemListElement":[{"@type":"ListItem","position":1,"name":"Strona g\u0142\u00f3wna","item":"https:\/\/zarabiajwnecie.pl\/"},{"@type":"ListItem","position":2,"name":"NEMO MONEY"}]},{"@type":"WebSite","@id":"https:\/\/zarabiajwnecie.pl\/#website","url":"https:\/\/zarabiajwnecie.pl\/","name":"zarabianie w internecie","description":"","potentialAction":[{"@type":"SearchAction","target":{"@type":"EntryPoint","urlTemplate":"https:\/\/zarabiajwnecie.pl\/?s={search_term_string}"},"query-input":{"@type":"PropertyValueSpecification","valueRequired":true,"valueName":"search_term_string"}}],"inLanguage":"pl-PL"}]}},"post_mailing_queue_ids":[],"_links":{"self":[{"href":"https:\/\/zarabiajwnecie.pl\/index.php?rest_route=\/wp\/v2\/pages\/339","targetHints":{"allow":["GET"]}}],"collection":[{"href":"https:\/\/zarabiajwnecie.pl\/index.php?rest_route=\/wp\/v2\/pages"}],"about":[{"href":"https:\/\/zarabiajwnecie.pl\/index.php?rest_route=\/wp\/v2\/types\/page"}],"author":[{"embeddable":true,"href":"https:\/\/zarabiajwnecie.pl\/index.php?rest_route=\/wp\/v2\/users\/1"}],"replies":[{"embeddable":true,"href":"https:\/\/zarabiajwnecie.pl\/index.php?rest_route=%2Fwp%2Fv2%2Fcomments&post=339"}],"version-history":[{"count":9,"href":"https:\/\/zarabiajwnecie.pl\/index.php?rest_route=\/wp\/v2\/pages\/339\/revisions"}],"predecessor-version":[{"id":894,"href":"https:\/\/zarabiajwnecie.pl\/index.php?rest_route=\/wp\/v2\/pages\/339\/revisions\/894"}],"wp:attachment":[{"href":"https:\/\/zarabiajwnecie.pl\/index.php?rest_route=%2Fwp%2Fv2%2Fmedia&parent=339"}],"curies":[{"name":"wp","href":"https:\/\/api.w.org\/{rel}","templated":true}]}}