{"id":343,"date":"2025-04-01T20:06:35","date_gmt":"2025-04-01T18:06:35","guid":{"rendered":"https:\/\/polecenia.online\/?page_id=343"},"modified":"2025-04-01T20:08:14","modified_gmt":"2025-04-01T18:08:14","slug":"timless","status":"publish","type":"page","link":"https:\/\/zarabiajwnecie.pl\/?page_id=343","title":{"rendered":"TIMLESS"},"content":{"rendered":"<figure class=\"wp-block-image size-large\"><img loading=\"lazy\" decoding=\"async\" width=\"1024\" height=\"506\" src=\"https:\/\/polecenia.online\/wp-content\/uploads\/2025\/04\/IMG_3552-1024x506.jpg\" alt=\"\" class=\"wp-image-344\" srcset=\"https:\/\/zarabiajwnecie.pl\/wp-content\/uploads\/2025\/04\/IMG_3552-1024x506.jpg 1024w, https:\/\/zarabiajwnecie.pl\/wp-content\/uploads\/2025\/04\/IMG_3552-300x148.jpg 300w, https:\/\/zarabiajwnecie.pl\/wp-content\/uploads\/2025\/04\/IMG_3552-768x379.jpg 768w, https:\/\/zarabiajwnecie.pl\/wp-content\/uploads\/2025\/04\/IMG_3552-1536x758.jpg 1536w, https:\/\/zarabiajwnecie.pl\/wp-content\/uploads\/2025\/04\/IMG_3552-2048x1011.jpg 2048w, https:\/\/zarabiajwnecie.pl\/wp-content\/uploads\/2025\/04\/IMG_3552-600x296.jpg 600w\" sizes=\"auto, (max-width: 1024px) 100vw, 1024px\" \/><\/figure><p class=\"has-white-color has-black-background-color has-text-color has-background has-link-color wp-elements-efa0570c708e32f10e2969b8f1e629ef\"><strong>20 EUR + 20 EUR<\/strong><\/p><p>WYMAGANIA:<\/p><ul class=\"wp-block-list\"><li>rejestracja z podanego poni\u017cej linku<\/li>\n\n<li>weryfikacja<\/li>\n\n<li>depozyt 30 EUR<\/li>\n\n<li>ka\u017cde polecenie: 20 EUR<br><br>1.  Pobieramy aplikacj\u0119 \u201cTimeless Investments\u201d. ze sklepu GooglePlay\/AppStore.\u00a0<br><br>2.  Pobierz aplikacj\u0119, ale jej nie otwieraj!\u00a0<br><br>3.  Po zainstalowaniu aplikacji kliknij w poni\u017cszy link promocyjny, kt\u00f3ry przeniesie Ci\u0119 do aplikacji (i wtedy mo\u017cesz j\u0105 uruchomi\u0107).\u00a0<br><br><\/li>\n\n<li>Link do rejestracji:<br><a href=\"https:\/\/www.timeless.investments\/referral\/Kmnu0DC\/invitation\">https:\/\/www.timeless.investments\/referral\/Kmnu0DC\/invitation<\/a><br><br>4.  Wchodzimy w zak\u0142adk\u0119 DROPS kupujemy jedn\u0105 dowoln\u0105 frakcj\u0119 za 50\u20ac (najlepiej tak\u0105, kt\u00f3rej jest najmniej przedmiot\u00f3w do ko\u0144ca).\u00a0Podczas zakupu pojawi si\u0119 bonus 20\u20ac i dzi\u0119ki temu zap\u0142acimy tylko 30\u20ac za frakcj\u0119 wart\u0105 50\u20ac.\u00a0Najlepiej zap\u0142aci\u0107 kart\u0105, applePay.\u00a0<br><br>5.  Nasz\u0105 kupion\u0105 frakcj\u0119 wraz z bonusem mo\u017cemy sprzeda\u0107, gdy dost\u0119pny pasek dojdzie do 0 \u2013 je\u017celi zosta\u0142o kilka to praktycznie mo\u017cemy sprzeda\u0107 od razu. Po zako\u0144czeniu paska inwestycji mo\u017cemy zleci\u0107 wyp\u0142at\u0119 bonusu wraz z naszym depozytem.\u00a0<br>Bonus wpada do 48h po zleceniu wyp\u0142aty.\u00a0<br><br>6.  Mo\u017cemy poleca\u0107 znajomym i otrzyma\u0107 20\u20ac za ka\u017cdego poleconego. <\/li><\/ul>","protected":false},"excerpt":{"rendered":"<p>20 EUR + 20 EUR WYMAGANIA:<\/p>\n","protected":false},"author":1,"featured_media":0,"parent":0,"menu_order":0,"comment_status":"closed","ping_status":"closed","template":"","meta":{"footnotes":""},"class_list":["post-343","page","type-page","status-publish","hentry"],"yoast_head":"<!-- This site is optimized with the Yoast SEO plugin v25.2 - https:\/\/yoast.com\/wordpress\/plugins\/seo\/ -->\n<title>TIMLESS - zarabianie w internecie<\/title>\n<meta name=\"robots\" content=\"index, follow, max-snippet:-1, max-image-preview:large, max-video-preview:-1\" \/>\n<link rel=\"canonical\" href=\"https:\/\/zarabiajwnecie.pl\/?page_id=343\" \/>\n<meta property=\"og:locale\" content=\"pl_PL\" \/>\n<meta property=\"og:type\" content=\"article\" \/>\n<meta property=\"og:title\" content=\"TIMLESS - zarabianie w internecie\" \/>\n<meta property=\"og:description\" content=\"20 EUR + 20 EUR WYMAGANIA:\" \/>\n<meta property=\"og:url\" content=\"https:\/\/zarabiajwnecie.pl\/?page_id=343\" \/>\n<meta property=\"og:site_name\" content=\"zarabianie w internecie\" \/>\n<meta property=\"article:modified_time\" content=\"2025-04-01T18:08:14+00:00\" \/>\n<meta property=\"og:image\" content=\"https:\/\/polecenia.online\/wp-content\/uploads\/2025\/04\/IMG_3552-1024x506.jpg\" \/>\n<meta name=\"twitter:card\" content=\"summary_large_image\" \/>\n<meta name=\"twitter:label1\" content=\"Szacowany czas czytania\" \/>\n\t<meta name=\"twitter:data1\" content=\"1 minuta\" \/>\n<script type=\"application\/ld+json\" class=\"yoast-schema-graph\">{\"@context\":\"https:\/\/schema.org\",\"@graph\":[{\"@type\":\"WebPage\",\"@id\":\"https:\/\/zarabiajwnecie.pl\/?page_id=343\",\"url\":\"https:\/\/zarabiajwnecie.pl\/?page_id=343\",\"name\":\"TIMLESS - zarabianie w internecie\",\"isPartOf\":{\"@id\":\"https:\/\/zarabiajwnecie.pl\/#website\"},\"primaryImageOfPage\":{\"@id\":\"https:\/\/zarabiajwnecie.pl\/?page_id=343#primaryimage\"},\"image\":{\"@id\":\"https:\/\/zarabiajwnecie.pl\/?page_id=343#primaryimage\"},\"thumbnailUrl\":\"https:\/\/polecenia.online\/wp-content\/uploads\/2025\/04\/IMG_3552-1024x506.jpg\",\"datePublished\":\"2025-04-01T18:06:35+00:00\",\"dateModified\":\"2025-04-01T18:08:14+00:00\",\"breadcrumb\":{\"@id\":\"https:\/\/zarabiajwnecie.pl\/?page_id=343#breadcrumb\"},\"inLanguage\":\"pl-PL\",\"potentialAction\":[{\"@type\":\"ReadAction\",\"target\":[\"https:\/\/zarabiajwnecie.pl\/?page_id=343\"]}]},{\"@type\":\"ImageObject\",\"inLanguage\":\"pl-PL\",\"@id\":\"https:\/\/zarabiajwnecie.pl\/?page_id=343#primaryimage\",\"url\":\"https:\/\/polecenia.online\/wp-content\/uploads\/2025\/04\/IMG_3552-1024x506.jpg\",\"contentUrl\":\"https:\/\/polecenia.online\/wp-content\/uploads\/2025\/04\/IMG_3552-1024x506.jpg\"},{\"@type\":\"BreadcrumbList\",\"@id\":\"https:\/\/zarabiajwnecie.pl\/?page_id=343#breadcrumb\",\"itemListElement\":[{\"@type\":\"ListItem\",\"position\":1,\"name\":\"Strona g\u0142\u00f3wna\",\"item\":\"https:\/\/zarabiajwnecie.pl\/\"},{\"@type\":\"ListItem\",\"position\":2,\"name\":\"TIMLESS\"}]},{\"@type\":\"WebSite\",\"@id\":\"https:\/\/zarabiajwnecie.pl\/#website\",\"url\":\"https:\/\/zarabiajwnecie.pl\/\",\"name\":\"zarabianie w internecie\",\"description\":\"\",\"potentialAction\":[{\"@type\":\"SearchAction\",\"target\":{\"@type\":\"EntryPoint\",\"urlTemplate\":\"https:\/\/zarabiajwnecie.pl\/?s={search_term_string}\"},\"query-input\":{\"@type\":\"PropertyValueSpecification\",\"valueRequired\":true,\"valueName\":\"search_term_string\"}}],\"inLanguage\":\"pl-PL\"}]}<\/script>\n<!-- \/ Yoast SEO plugin. -->","yoast_head_json":{"title":"TIMLESS - zarabianie w internecie","robots":{"index":"index","follow":"follow","max-snippet":"max-snippet:-1","max-image-preview":"max-image-preview:large","max-video-preview":"max-video-preview:-1"},"canonical":"https:\/\/zarabiajwnecie.pl\/?page_id=343","og_locale":"pl_PL","og_type":"article","og_title":"TIMLESS - zarabianie w internecie","og_description":"20 EUR + 20 EUR WYMAGANIA:","og_url":"https:\/\/zarabiajwnecie.pl\/?page_id=343","og_site_name":"zarabianie w internecie","article_modified_time":"2025-04-01T18:08:14+00:00","og_image":[{"url":"https:\/\/polecenia.online\/wp-content\/uploads\/2025\/04\/IMG_3552-1024x506.jpg","type":"","width":"","height":""}],"twitter_card":"summary_large_image","twitter_misc":{"Szacowany czas czytania":"1 minuta"},"schema":{"@context":"https:\/\/schema.org","@graph":[{"@type":"WebPage","@id":"https:\/\/zarabiajwnecie.pl\/?page_id=343","url":"https:\/\/zarabiajwnecie.pl\/?page_id=343","name":"TIMLESS - zarabianie w internecie","isPartOf":{"@id":"https:\/\/zarabiajwnecie.pl\/#website"},"primaryImageOfPage":{"@id":"https:\/\/zarabiajwnecie.pl\/?page_id=343#primaryimage"},"image":{"@id":"https:\/\/zarabiajwnecie.pl\/?page_id=343#primaryimage"},"thumbnailUrl":"https:\/\/polecenia.online\/wp-content\/uploads\/2025\/04\/IMG_3552-1024x506.jpg","datePublished":"2025-04-01T18:06:35+00:00","dateModified":"2025-04-01T18:08:14+00:00","breadcrumb":{"@id":"https:\/\/zarabiajwnecie.pl\/?page_id=343#breadcrumb"},"inLanguage":"pl-PL","potentialAction":[{"@type":"ReadAction","target":["https:\/\/zarabiajwnecie.pl\/?page_id=343"]}]},{"@type":"ImageObject","inLanguage":"pl-PL","@id":"https:\/\/zarabiajwnecie.pl\/?page_id=343#primaryimage","url":"https:\/\/polecenia.online\/wp-content\/uploads\/2025\/04\/IMG_3552-1024x506.jpg","contentUrl":"https:\/\/polecenia.online\/wp-content\/uploads\/2025\/04\/IMG_3552-1024x506.jpg"},{"@type":"BreadcrumbList","@id":"https:\/\/zarabiajwnecie.pl\/?page_id=343#breadcrumb","itemListElement":[{"@type":"ListItem","position":1,"name":"Strona g\u0142\u00f3wna","item":"https:\/\/zarabiajwnecie.pl\/"},{"@type":"ListItem","position":2,"name":"TIMLESS"}]},{"@type":"WebSite","@id":"https:\/\/zarabiajwnecie.pl\/#website","url":"https:\/\/zarabiajwnecie.pl\/","name":"zarabianie w internecie","description":"","potentialAction":[{"@type":"SearchAction","target":{"@type":"EntryPoint","urlTemplate":"https:\/\/zarabiajwnecie.pl\/?s={search_term_string}"},"query-input":{"@type":"PropertyValueSpecification","valueRequired":true,"valueName":"search_term_string"}}],"inLanguage":"pl-PL"}]}},"post_mailing_queue_ids":[],"_links":{"self":[{"href":"https:\/\/zarabiajwnecie.pl\/index.php?rest_route=\/wp\/v2\/pages\/343","targetHints":{"allow":["GET"]}}],"collection":[{"href":"https:\/\/zarabiajwnecie.pl\/index.php?rest_route=\/wp\/v2\/pages"}],"about":[{"href":"https:\/\/zarabiajwnecie.pl\/index.php?rest_route=\/wp\/v2\/types\/page"}],"author":[{"embeddable":true,"href":"https:\/\/zarabiajwnecie.pl\/index.php?rest_route=\/wp\/v2\/users\/1"}],"replies":[{"embeddable":true,"href":"https:\/\/zarabiajwnecie.pl\/index.php?rest_route=%2Fwp%2Fv2%2Fcomments&post=343"}],"version-history":[{"count":4,"href":"https:\/\/zarabiajwnecie.pl\/index.php?rest_route=\/wp\/v2\/pages\/343\/revisions"}],"predecessor-version":[{"id":349,"href":"https:\/\/zarabiajwnecie.pl\/index.php?rest_route=\/wp\/v2\/pages\/343\/revisions\/349"}],"wp:attachment":[{"href":"https:\/\/zarabiajwnecie.pl\/index.php?rest_route=%2Fwp%2Fv2%2Fmedia&parent=343"}],"curies":[{"name":"wp","href":"https:\/\/api.w.org\/{rel}","templated":true}]}}