{"id":370,"date":"2025-04-01T20:40:16","date_gmt":"2025-04-01T18:40:16","guid":{"rendered":"https:\/\/polecenia.online\/?page_id=370"},"modified":"2026-01-23T21:48:30","modified_gmt":"2026-01-23T20:48:30","slug":"coca","status":"publish","type":"page","link":"https:\/\/zarabiajwnecie.pl\/?page_id=370","title":{"rendered":"GEMINI"},"content":{"rendered":"<p class=\"has-white-color has-black-background-color has-text-color has-background has-link-color wp-elements-b4cc2a85f6096f4aba5ce0fbe934dd6b\"><strong>20 USD + 20 USD<\/strong><\/p><p class=\"has-text-align-left\">WYMAGANIA:<\/p><ul class=\"wp-block-list\"><li>Rejestracja z podanego poni\u017cej linku (pobieramy aplikacje na telefon)<br><br><a href=\"https:\/\/wwallet.app.link\/referral?referral_code=ZHocwDxwmAb\"><\/a><a href=\"https:\/\/exchange.gemini.com\/register?referral=7kdaamwhp&amp;type=referral\" target=\"_blank\" rel=\"noreferrer noopener\">https:\/\/exchange.gemini.com\/register?referral=7kdaamwhp&amp;type=referral<\/a><br><br><br><\/li>\n\n<li>Wykonaj weryfikacj\u0119 KYC<\/li>\n\n<li>Depozyt min. 100 USD<br>Depozyt wykonaj koniecznie ze swojego rachunku bankowego (najlepiej: REVOLUT. WISE, ZEN, N26)<br><br>Po zaksi\u0119gowaniu depozytu wykonaj transakcj\u0119\/trade na min. 100 USD. <br>Po wykonanej transakcji mo\u017cesz depozyt spowrotem wycofa\u0107 na sw\u00f3j rachunek bankowy lub wysl\u0105\u0107 krypto na inny sw\u00f3j portfel)<br><\/li>\n\n<li>Bonus 20 USD wpadnie na Twoje konto max. do 30 dni<\/li>\n\n<li>Ka\u017cde polecenie otrzymasz r\u00f3wnie\u017c 20 USD<br><\/li><\/ul>","protected":false},"excerpt":{"rendered":"<p>20 USD + 20 USD WYMAGANIA:<\/p>\n","protected":false},"author":1,"featured_media":0,"parent":0,"menu_order":0,"comment_status":"closed","ping_status":"closed","template":"","meta":{"footnotes":""},"class_list":["post-370","page","type-page","status-publish","hentry"],"yoast_head":"<!-- This site is optimized with the Yoast SEO plugin v25.2 - https:\/\/yoast.com\/wordpress\/plugins\/seo\/ -->\n<title>GEMINI - zarabianie w internecie<\/title>\n<meta name=\"robots\" content=\"index, follow, max-snippet:-1, max-image-preview:large, max-video-preview:-1\" \/>\n<link rel=\"canonical\" href=\"https:\/\/zarabiajwnecie.pl\/?page_id=370\" \/>\n<meta property=\"og:locale\" content=\"pl_PL\" \/>\n<meta property=\"og:type\" content=\"article\" \/>\n<meta property=\"og:title\" content=\"GEMINI - zarabianie w internecie\" \/>\n<meta property=\"og:description\" content=\"20 USD + 20 USD WYMAGANIA:\" \/>\n<meta property=\"og:url\" content=\"https:\/\/zarabiajwnecie.pl\/?page_id=370\" \/>\n<meta property=\"og:site_name\" content=\"zarabianie w internecie\" \/>\n<meta property=\"article:modified_time\" content=\"2026-01-23T20:48:30+00:00\" \/>\n<meta name=\"twitter:card\" content=\"summary_large_image\" \/>\n<meta name=\"twitter:label1\" content=\"Szacowany czas czytania\" \/>\n\t<meta name=\"twitter:data1\" content=\"1 minuta\" \/>\n<script type=\"application\/ld+json\" class=\"yoast-schema-graph\">{\"@context\":\"https:\/\/schema.org\",\"@graph\":[{\"@type\":\"WebPage\",\"@id\":\"https:\/\/zarabiajwnecie.pl\/?page_id=370\",\"url\":\"https:\/\/zarabiajwnecie.pl\/?page_id=370\",\"name\":\"GEMINI - zarabianie w internecie\",\"isPartOf\":{\"@id\":\"https:\/\/zarabiajwnecie.pl\/#website\"},\"datePublished\":\"2025-04-01T18:40:16+00:00\",\"dateModified\":\"2026-01-23T20:48:30+00:00\",\"breadcrumb\":{\"@id\":\"https:\/\/zarabiajwnecie.pl\/?page_id=370#breadcrumb\"},\"inLanguage\":\"pl-PL\",\"potentialAction\":[{\"@type\":\"ReadAction\",\"target\":[\"https:\/\/zarabiajwnecie.pl\/?page_id=370\"]}]},{\"@type\":\"BreadcrumbList\",\"@id\":\"https:\/\/zarabiajwnecie.pl\/?page_id=370#breadcrumb\",\"itemListElement\":[{\"@type\":\"ListItem\",\"position\":1,\"name\":\"Strona g\u0142\u00f3wna\",\"item\":\"https:\/\/zarabiajwnecie.pl\/\"},{\"@type\":\"ListItem\",\"position\":2,\"name\":\"GEMINI\"}]},{\"@type\":\"WebSite\",\"@id\":\"https:\/\/zarabiajwnecie.pl\/#website\",\"url\":\"https:\/\/zarabiajwnecie.pl\/\",\"name\":\"zarabianie w internecie\",\"description\":\"\",\"potentialAction\":[{\"@type\":\"SearchAction\",\"target\":{\"@type\":\"EntryPoint\",\"urlTemplate\":\"https:\/\/zarabiajwnecie.pl\/?s={search_term_string}\"},\"query-input\":{\"@type\":\"PropertyValueSpecification\",\"valueRequired\":true,\"valueName\":\"search_term_string\"}}],\"inLanguage\":\"pl-PL\"}]}<\/script>\n<!-- \/ Yoast SEO plugin. -->","yoast_head_json":{"title":"GEMINI - zarabianie w internecie","robots":{"index":"index","follow":"follow","max-snippet":"max-snippet:-1","max-image-preview":"max-image-preview:large","max-video-preview":"max-video-preview:-1"},"canonical":"https:\/\/zarabiajwnecie.pl\/?page_id=370","og_locale":"pl_PL","og_type":"article","og_title":"GEMINI - zarabianie w internecie","og_description":"20 USD + 20 USD WYMAGANIA:","og_url":"https:\/\/zarabiajwnecie.pl\/?page_id=370","og_site_name":"zarabianie w internecie","article_modified_time":"2026-01-23T20:48:30+00:00","twitter_card":"summary_large_image","twitter_misc":{"Szacowany czas czytania":"1 minuta"},"schema":{"@context":"https:\/\/schema.org","@graph":[{"@type":"WebPage","@id":"https:\/\/zarabiajwnecie.pl\/?page_id=370","url":"https:\/\/zarabiajwnecie.pl\/?page_id=370","name":"GEMINI - zarabianie w internecie","isPartOf":{"@id":"https:\/\/zarabiajwnecie.pl\/#website"},"datePublished":"2025-04-01T18:40:16+00:00","dateModified":"2026-01-23T20:48:30+00:00","breadcrumb":{"@id":"https:\/\/zarabiajwnecie.pl\/?page_id=370#breadcrumb"},"inLanguage":"pl-PL","potentialAction":[{"@type":"ReadAction","target":["https:\/\/zarabiajwnecie.pl\/?page_id=370"]}]},{"@type":"BreadcrumbList","@id":"https:\/\/zarabiajwnecie.pl\/?page_id=370#breadcrumb","itemListElement":[{"@type":"ListItem","position":1,"name":"Strona g\u0142\u00f3wna","item":"https:\/\/zarabiajwnecie.pl\/"},{"@type":"ListItem","position":2,"name":"GEMINI"}]},{"@type":"WebSite","@id":"https:\/\/zarabiajwnecie.pl\/#website","url":"https:\/\/zarabiajwnecie.pl\/","name":"zarabianie w internecie","description":"","potentialAction":[{"@type":"SearchAction","target":{"@type":"EntryPoint","urlTemplate":"https:\/\/zarabiajwnecie.pl\/?s={search_term_string}"},"query-input":{"@type":"PropertyValueSpecification","valueRequired":true,"valueName":"search_term_string"}}],"inLanguage":"pl-PL"}]}},"post_mailing_queue_ids":[],"_links":{"self":[{"href":"https:\/\/zarabiajwnecie.pl\/index.php?rest_route=\/wp\/v2\/pages\/370","targetHints":{"allow":["GET"]}}],"collection":[{"href":"https:\/\/zarabiajwnecie.pl\/index.php?rest_route=\/wp\/v2\/pages"}],"about":[{"href":"https:\/\/zarabiajwnecie.pl\/index.php?rest_route=\/wp\/v2\/types\/page"}],"author":[{"embeddable":true,"href":"https:\/\/zarabiajwnecie.pl\/index.php?rest_route=\/wp\/v2\/users\/1"}],"replies":[{"embeddable":true,"href":"https:\/\/zarabiajwnecie.pl\/index.php?rest_route=%2Fwp%2Fv2%2Fcomments&post=370"}],"version-history":[{"count":5,"href":"https:\/\/zarabiajwnecie.pl\/index.php?rest_route=\/wp\/v2\/pages\/370\/revisions"}],"predecessor-version":[{"id":902,"href":"https:\/\/zarabiajwnecie.pl\/index.php?rest_route=\/wp\/v2\/pages\/370\/revisions\/902"}],"wp:attachment":[{"href":"https:\/\/zarabiajwnecie.pl\/index.php?rest_route=%2Fwp%2Fv2%2Fmedia&parent=370"}],"curies":[{"name":"wp","href":"https:\/\/api.w.org\/{rel}","templated":true}]}}