{"id":375,"date":"2025-04-01T20:42:47","date_gmt":"2025-04-01T18:42:47","guid":{"rendered":"https:\/\/polecenia.online\/?page_id=375"},"modified":"2026-01-23T21:14:54","modified_gmt":"2026-01-23T20:14:54","slug":"robinhood","status":"publish","type":"page","link":"https:\/\/zarabiajwnecie.pl\/?page_id=375","title":{"rendered":"ROBINHOOD"},"content":{"rendered":"<figure class=\"wp-block-image size-large\"><img loading=\"lazy\" decoding=\"async\" width=\"1024\" height=\"521\" src=\"https:\/\/polecenia.online\/wp-content\/uploads\/2025\/04\/IMG_3556-1024x521.jpg\" alt=\"\" class=\"wp-image-376\" srcset=\"https:\/\/zarabiajwnecie.pl\/wp-content\/uploads\/2025\/04\/IMG_3556-1024x521.jpg 1024w, https:\/\/zarabiajwnecie.pl\/wp-content\/uploads\/2025\/04\/IMG_3556-300x153.jpg 300w, https:\/\/zarabiajwnecie.pl\/wp-content\/uploads\/2025\/04\/IMG_3556-768x391.jpg 768w, https:\/\/zarabiajwnecie.pl\/wp-content\/uploads\/2025\/04\/IMG_3556-1536x782.jpg 1536w, https:\/\/zarabiajwnecie.pl\/wp-content\/uploads\/2025\/04\/IMG_3556-2048x1042.jpg 2048w, https:\/\/zarabiajwnecie.pl\/wp-content\/uploads\/2025\/04\/IMG_3556-600x305.jpg 600w\" sizes=\"auto, (max-width: 1024px) 100vw, 1024px\" \/><\/figure><p class=\"has-white-color has-black-background-color has-text-color has-background has-link-color wp-elements-64484b4e8cf40e5e0dbed7caa8f8ce4c\"><strong>40 EUR + 30 EUR<\/strong><\/p><p>WYMAGANIA:<\/p><ul class=\"wp-block-list\"><li>rejestracja z podanego poni\u017cej linku:<br><br><a href=\"https:\/\/join.robinhood.com\/eu_crypto\/marcinl-71b169\/?currency_pair_id=9e41c8e5-bfb5-46b5-8fa9-3a55981702d1\"><a href=\"https:\/\/join.robinhood.com\/eu_crypto\/marcinl-b97c89\/\" target=\"_blank\" rel=\"noreferrer noopener\">https:\/\/join.robinhood.com\/eu_crypto\/marcinl-b97c89\/<\/a><\/a><br><br><\/li>\n\n<li>weryfikacja KYC<\/li>\n\n<li>depozyt min. 20 EUR<br><br>1. Zasilamy konto kwot\u0105 min. 20 EUR<br>2. Kupujemy BTC, mo\u017cemy od raz sprzeda\u0107 i wyp\u0142aci\u0107<br>3. Konto zostaje zasilone bonusem 30 EUR w BTC.<br>4. Dodatkowo otrzymujemy 10 EUR w quizach do wyp\u0142aty od razu.<br>5. Za ka\u017cd\u0105 polecon\u0105 osob\u0119, kt\u00f3ra spe\u0142ni te same warunki co my otrzymamy 30 EUR<\/li><\/ul>","protected":false},"excerpt":{"rendered":"<p>40 EUR + 30 EUR WYMAGANIA:<\/p>\n","protected":false},"author":1,"featured_media":0,"parent":0,"menu_order":0,"comment_status":"closed","ping_status":"closed","template":"","meta":{"footnotes":""},"class_list":["post-375","page","type-page","status-publish","hentry"],"yoast_head":"<!-- This site is optimized with the Yoast SEO plugin v25.2 - https:\/\/yoast.com\/wordpress\/plugins\/seo\/ -->\n<title>ROBINHOOD - zarabianie w internecie<\/title>\n<meta name=\"robots\" content=\"index, follow, max-snippet:-1, max-image-preview:large, max-video-preview:-1\" \/>\n<link rel=\"canonical\" href=\"https:\/\/zarabiajwnecie.pl\/?page_id=375\" \/>\n<meta property=\"og:locale\" content=\"pl_PL\" \/>\n<meta property=\"og:type\" content=\"article\" \/>\n<meta property=\"og:title\" content=\"ROBINHOOD - zarabianie w internecie\" \/>\n<meta property=\"og:description\" content=\"40 EUR + 30 EUR WYMAGANIA:\" \/>\n<meta property=\"og:url\" content=\"https:\/\/zarabiajwnecie.pl\/?page_id=375\" \/>\n<meta property=\"og:site_name\" content=\"zarabianie w internecie\" \/>\n<meta property=\"article:modified_time\" content=\"2026-01-23T20:14:54+00:00\" \/>\n<meta property=\"og:image\" content=\"https:\/\/zarabiajwnecie.pl\/wp-content\/uploads\/2025\/04\/IMG_3556-scaled.jpg\" \/>\n\t<meta property=\"og:image:width\" content=\"2560\" \/>\n\t<meta property=\"og:image:height\" content=\"1303\" \/>\n\t<meta property=\"og:image:type\" content=\"image\/jpeg\" \/>\n<meta name=\"twitter:card\" content=\"summary_large_image\" \/>\n<meta name=\"twitter:label1\" content=\"Szacowany czas czytania\" \/>\n\t<meta name=\"twitter:data1\" content=\"1 minuta\" \/>\n<script type=\"application\/ld+json\" class=\"yoast-schema-graph\">{\"@context\":\"https:\/\/schema.org\",\"@graph\":[{\"@type\":\"WebPage\",\"@id\":\"https:\/\/zarabiajwnecie.pl\/?page_id=375\",\"url\":\"https:\/\/zarabiajwnecie.pl\/?page_id=375\",\"name\":\"ROBINHOOD - zarabianie w internecie\",\"isPartOf\":{\"@id\":\"https:\/\/zarabiajwnecie.pl\/#website\"},\"primaryImageOfPage\":{\"@id\":\"https:\/\/zarabiajwnecie.pl\/?page_id=375#primaryimage\"},\"image\":{\"@id\":\"https:\/\/zarabiajwnecie.pl\/?page_id=375#primaryimage\"},\"thumbnailUrl\":\"https:\/\/polecenia.online\/wp-content\/uploads\/2025\/04\/IMG_3556-1024x521.jpg\",\"datePublished\":\"2025-04-01T18:42:47+00:00\",\"dateModified\":\"2026-01-23T20:14:54+00:00\",\"breadcrumb\":{\"@id\":\"https:\/\/zarabiajwnecie.pl\/?page_id=375#breadcrumb\"},\"inLanguage\":\"pl-PL\",\"potentialAction\":[{\"@type\":\"ReadAction\",\"target\":[\"https:\/\/zarabiajwnecie.pl\/?page_id=375\"]}]},{\"@type\":\"ImageObject\",\"inLanguage\":\"pl-PL\",\"@id\":\"https:\/\/zarabiajwnecie.pl\/?page_id=375#primaryimage\",\"url\":\"https:\/\/polecenia.online\/wp-content\/uploads\/2025\/04\/IMG_3556-1024x521.jpg\",\"contentUrl\":\"https:\/\/polecenia.online\/wp-content\/uploads\/2025\/04\/IMG_3556-1024x521.jpg\"},{\"@type\":\"BreadcrumbList\",\"@id\":\"https:\/\/zarabiajwnecie.pl\/?page_id=375#breadcrumb\",\"itemListElement\":[{\"@type\":\"ListItem\",\"position\":1,\"name\":\"Strona g\u0142\u00f3wna\",\"item\":\"https:\/\/zarabiajwnecie.pl\/\"},{\"@type\":\"ListItem\",\"position\":2,\"name\":\"ROBINHOOD\"}]},{\"@type\":\"WebSite\",\"@id\":\"https:\/\/zarabiajwnecie.pl\/#website\",\"url\":\"https:\/\/zarabiajwnecie.pl\/\",\"name\":\"zarabianie w internecie\",\"description\":\"\",\"potentialAction\":[{\"@type\":\"SearchAction\",\"target\":{\"@type\":\"EntryPoint\",\"urlTemplate\":\"https:\/\/zarabiajwnecie.pl\/?s={search_term_string}\"},\"query-input\":{\"@type\":\"PropertyValueSpecification\",\"valueRequired\":true,\"valueName\":\"search_term_string\"}}],\"inLanguage\":\"pl-PL\"}]}<\/script>\n<!-- \/ Yoast SEO plugin. -->","yoast_head_json":{"title":"ROBINHOOD - zarabianie w internecie","robots":{"index":"index","follow":"follow","max-snippet":"max-snippet:-1","max-image-preview":"max-image-preview:large","max-video-preview":"max-video-preview:-1"},"canonical":"https:\/\/zarabiajwnecie.pl\/?page_id=375","og_locale":"pl_PL","og_type":"article","og_title":"ROBINHOOD - zarabianie w internecie","og_description":"40 EUR + 30 EUR WYMAGANIA:","og_url":"https:\/\/zarabiajwnecie.pl\/?page_id=375","og_site_name":"zarabianie w internecie","article_modified_time":"2026-01-23T20:14:54+00:00","og_image":[{"width":2560,"height":1303,"url":"https:\/\/zarabiajwnecie.pl\/wp-content\/uploads\/2025\/04\/IMG_3556-scaled.jpg","type":"image\/jpeg"}],"twitter_card":"summary_large_image","twitter_misc":{"Szacowany czas czytania":"1 minuta"},"schema":{"@context":"https:\/\/schema.org","@graph":[{"@type":"WebPage","@id":"https:\/\/zarabiajwnecie.pl\/?page_id=375","url":"https:\/\/zarabiajwnecie.pl\/?page_id=375","name":"ROBINHOOD - zarabianie w internecie","isPartOf":{"@id":"https:\/\/zarabiajwnecie.pl\/#website"},"primaryImageOfPage":{"@id":"https:\/\/zarabiajwnecie.pl\/?page_id=375#primaryimage"},"image":{"@id":"https:\/\/zarabiajwnecie.pl\/?page_id=375#primaryimage"},"thumbnailUrl":"https:\/\/polecenia.online\/wp-content\/uploads\/2025\/04\/IMG_3556-1024x521.jpg","datePublished":"2025-04-01T18:42:47+00:00","dateModified":"2026-01-23T20:14:54+00:00","breadcrumb":{"@id":"https:\/\/zarabiajwnecie.pl\/?page_id=375#breadcrumb"},"inLanguage":"pl-PL","potentialAction":[{"@type":"ReadAction","target":["https:\/\/zarabiajwnecie.pl\/?page_id=375"]}]},{"@type":"ImageObject","inLanguage":"pl-PL","@id":"https:\/\/zarabiajwnecie.pl\/?page_id=375#primaryimage","url":"https:\/\/polecenia.online\/wp-content\/uploads\/2025\/04\/IMG_3556-1024x521.jpg","contentUrl":"https:\/\/polecenia.online\/wp-content\/uploads\/2025\/04\/IMG_3556-1024x521.jpg"},{"@type":"BreadcrumbList","@id":"https:\/\/zarabiajwnecie.pl\/?page_id=375#breadcrumb","itemListElement":[{"@type":"ListItem","position":1,"name":"Strona g\u0142\u00f3wna","item":"https:\/\/zarabiajwnecie.pl\/"},{"@type":"ListItem","position":2,"name":"ROBINHOOD"}]},{"@type":"WebSite","@id":"https:\/\/zarabiajwnecie.pl\/#website","url":"https:\/\/zarabiajwnecie.pl\/","name":"zarabianie w internecie","description":"","potentialAction":[{"@type":"SearchAction","target":{"@type":"EntryPoint","urlTemplate":"https:\/\/zarabiajwnecie.pl\/?s={search_term_string}"},"query-input":{"@type":"PropertyValueSpecification","valueRequired":true,"valueName":"search_term_string"}}],"inLanguage":"pl-PL"}]}},"post_mailing_queue_ids":[],"_links":{"self":[{"href":"https:\/\/zarabiajwnecie.pl\/index.php?rest_route=\/wp\/v2\/pages\/375","targetHints":{"allow":["GET"]}}],"collection":[{"href":"https:\/\/zarabiajwnecie.pl\/index.php?rest_route=\/wp\/v2\/pages"}],"about":[{"href":"https:\/\/zarabiajwnecie.pl\/index.php?rest_route=\/wp\/v2\/types\/page"}],"author":[{"embeddable":true,"href":"https:\/\/zarabiajwnecie.pl\/index.php?rest_route=\/wp\/v2\/users\/1"}],"replies":[{"embeddable":true,"href":"https:\/\/zarabiajwnecie.pl\/index.php?rest_route=%2Fwp%2Fv2%2Fcomments&post=375"}],"version-history":[{"count":3,"href":"https:\/\/zarabiajwnecie.pl\/index.php?rest_route=\/wp\/v2\/pages\/375\/revisions"}],"predecessor-version":[{"id":900,"href":"https:\/\/zarabiajwnecie.pl\/index.php?rest_route=\/wp\/v2\/pages\/375\/revisions\/900"}],"wp:attachment":[{"href":"https:\/\/zarabiajwnecie.pl\/index.php?rest_route=%2Fwp%2Fv2%2Fmedia&parent=375"}],"curies":[{"name":"wp","href":"https:\/\/api.w.org\/{rel}","templated":true}]}}