{"id":588,"date":"2025-05-03T22:07:50","date_gmt":"2025-05-03T20:07:50","guid":{"rendered":"https:\/\/polecenia.online\/?page_id=588"},"modified":"2025-05-30T09:09:14","modified_gmt":"2025-05-30T07:09:14","slug":"air-cash","status":"publish","type":"page","link":"https:\/\/zarabiajwnecie.pl\/?page_id=588","title":{"rendered":"AIR CASH"},"content":{"rendered":"<p class=\"has-white-color has-black-background-color has-text-color has-background has-link-color wp-elements-618beb06ceef6f80c45eca22b0657ea4\"><strong>30 PLN<\/strong><\/p><div class=\"wp-block-image\"><figure class=\"aligncenter size-full\"><img loading=\"lazy\" decoding=\"async\" width=\"900\" height=\"420\" src=\"http:\/\/polecenia.online\/wp-content\/uploads\/2025\/05\/IMG_7020.jpeg\" alt=\"\" class=\"wp-image-785\" srcset=\"https:\/\/zarabiajwnecie.pl\/wp-content\/uploads\/2025\/05\/IMG_7020.jpeg 900w, https:\/\/zarabiajwnecie.pl\/wp-content\/uploads\/2025\/05\/IMG_7020-300x140.jpeg 300w, https:\/\/zarabiajwnecie.pl\/wp-content\/uploads\/2025\/05\/IMG_7020-768x358.jpeg 768w, https:\/\/zarabiajwnecie.pl\/wp-content\/uploads\/2025\/05\/IMG_7020-600x280.jpeg 600w\" sizes=\"auto, (max-width: 900px) 100vw, 900px\" \/><\/figure><\/div><p class=\"has-text-align-left\">WYMAGANIA:<\/p><ul class=\"wp-block-list\"><li>rejestracja z podanego poni\u017cej linku<\/li>\n\n<li>weryfikacja &#8211; KYC<\/li>\n\n<li>depozyt 5 PLN<\/li>\n\n<li>polecenie 30 PN <br><br>\u015aci\u0105gamy aplikacje, rejestrujemy si\u0119 i wykonujemy weryfikacj\u0119 KYC a nast\u0119pnie wykonujemy depozyt 5 PLN. Depozyt mo\u017cemy wys\u0142a\u0107 komu\u015b lub wyp\u0142aci\u0107 na swoje konto. <br>Po wykonanym depozycie pojawia si\u0119 mo\u017cliwo\u015b\u0107 zapraszania os\u00f3b do aplikacji. Za ka\u017cde 3 zaproszone osoby otrzymujemy 30 PLN, kt\u00f3re mo\u017cemy wyp\u0142aci\u0107 od razu na swoje konto. <br><br><\/li>\n\n<li><strong>UWAGA! Je\u017celi nie wykonasz depozytu 5 PLN, w\u00f3wczas Twoje polecenia nie zostan\u0105 zaliczone i nie otrzymasz BONUSU! <em><br><\/em><\/strong><br><\/li>\n\n<li>Link do rejestracji:<br><a href=\"https:\/\/link.aircash.eu\/Referral\/Index?referralCode=marcinbartlomiejl2\">https:\/\/link.aircash.eu\/Referral\/Index?referralCode=marcinbartlomiejl2<\/a><br><br>W przypadku systemu <strong>Android<\/strong> w telefonie, po prostu wejd\u017a do sklepu, \u015bci\u0105gnij aplikacj\u0119 AirCash a podczas rejestracji podaj poni\u017cszy kod polecaj\u0105cy. Bez wprowadzenia kodu, nie otrzymasz bonusu. <br><br><\/li>\n\n<li><strong>KOD POLECAJ\u0104CY:<\/strong>  <strong>marcinbartlomiejl2<\/strong><br><br><strong>WA\u017bNE!<\/strong> Pami\u0119taj, aby wykona\u0107 wszystkie kroki aby bonus zosta\u0142 naliczony!<br><\/li><\/ul>","protected":false},"excerpt":{"rendered":"<p>30 PLN WYMAGANIA:<\/p>\n","protected":false},"author":1,"featured_media":0,"parent":0,"menu_order":0,"comment_status":"closed","ping_status":"closed","template":"","meta":{"footnotes":""},"class_list":["post-588","page","type-page","status-publish","hentry"],"yoast_head":"<!-- This site is optimized with the Yoast SEO plugin v25.2 - https:\/\/yoast.com\/wordpress\/plugins\/seo\/ -->\n<title>AIR CASH - zarabianie w internecie<\/title>\n<meta name=\"robots\" content=\"index, follow, max-snippet:-1, max-image-preview:large, max-video-preview:-1\" \/>\n<link rel=\"canonical\" href=\"https:\/\/zarabiajwnecie.pl\/?page_id=588\" \/>\n<meta property=\"og:locale\" content=\"pl_PL\" \/>\n<meta property=\"og:type\" content=\"article\" \/>\n<meta property=\"og:title\" content=\"AIR CASH - zarabianie w internecie\" \/>\n<meta property=\"og:description\" content=\"30 PLN WYMAGANIA:\" \/>\n<meta property=\"og:url\" content=\"https:\/\/zarabiajwnecie.pl\/?page_id=588\" \/>\n<meta property=\"og:site_name\" content=\"zarabianie w internecie\" \/>\n<meta property=\"article:modified_time\" content=\"2025-05-30T07:09:14+00:00\" \/>\n<meta property=\"og:image\" content=\"http:\/\/polecenia.online\/wp-content\/uploads\/2025\/05\/IMG_7020.jpeg\" \/>\n<meta name=\"twitter:card\" content=\"summary_large_image\" \/>\n<meta name=\"twitter:label1\" content=\"Szacowany czas czytania\" \/>\n\t<meta name=\"twitter:data1\" content=\"1 minuta\" \/>\n<script type=\"application\/ld+json\" class=\"yoast-schema-graph\">{\"@context\":\"https:\/\/schema.org\",\"@graph\":[{\"@type\":\"WebPage\",\"@id\":\"https:\/\/zarabiajwnecie.pl\/?page_id=588\",\"url\":\"https:\/\/zarabiajwnecie.pl\/?page_id=588\",\"name\":\"AIR CASH - zarabianie w internecie\",\"isPartOf\":{\"@id\":\"https:\/\/zarabiajwnecie.pl\/#website\"},\"primaryImageOfPage\":{\"@id\":\"https:\/\/zarabiajwnecie.pl\/?page_id=588#primaryimage\"},\"image\":{\"@id\":\"https:\/\/zarabiajwnecie.pl\/?page_id=588#primaryimage\"},\"thumbnailUrl\":\"http:\/\/polecenia.online\/wp-content\/uploads\/2025\/05\/IMG_7020.jpeg\",\"datePublished\":\"2025-05-03T20:07:50+00:00\",\"dateModified\":\"2025-05-30T07:09:14+00:00\",\"breadcrumb\":{\"@id\":\"https:\/\/zarabiajwnecie.pl\/?page_id=588#breadcrumb\"},\"inLanguage\":\"pl-PL\",\"potentialAction\":[{\"@type\":\"ReadAction\",\"target\":[\"https:\/\/zarabiajwnecie.pl\/?page_id=588\"]}]},{\"@type\":\"ImageObject\",\"inLanguage\":\"pl-PL\",\"@id\":\"https:\/\/zarabiajwnecie.pl\/?page_id=588#primaryimage\",\"url\":\"http:\/\/polecenia.online\/wp-content\/uploads\/2025\/05\/IMG_7020.jpeg\",\"contentUrl\":\"http:\/\/polecenia.online\/wp-content\/uploads\/2025\/05\/IMG_7020.jpeg\"},{\"@type\":\"BreadcrumbList\",\"@id\":\"https:\/\/zarabiajwnecie.pl\/?page_id=588#breadcrumb\",\"itemListElement\":[{\"@type\":\"ListItem\",\"position\":1,\"name\":\"Strona g\u0142\u00f3wna\",\"item\":\"https:\/\/zarabiajwnecie.pl\/\"},{\"@type\":\"ListItem\",\"position\":2,\"name\":\"AIR CASH\"}]},{\"@type\":\"WebSite\",\"@id\":\"https:\/\/zarabiajwnecie.pl\/#website\",\"url\":\"https:\/\/zarabiajwnecie.pl\/\",\"name\":\"zarabianie w internecie\",\"description\":\"\",\"potentialAction\":[{\"@type\":\"SearchAction\",\"target\":{\"@type\":\"EntryPoint\",\"urlTemplate\":\"https:\/\/zarabiajwnecie.pl\/?s={search_term_string}\"},\"query-input\":{\"@type\":\"PropertyValueSpecification\",\"valueRequired\":true,\"valueName\":\"search_term_string\"}}],\"inLanguage\":\"pl-PL\"}]}<\/script>\n<!-- \/ Yoast SEO plugin. -->","yoast_head_json":{"title":"AIR CASH - zarabianie w internecie","robots":{"index":"index","follow":"follow","max-snippet":"max-snippet:-1","max-image-preview":"max-image-preview:large","max-video-preview":"max-video-preview:-1"},"canonical":"https:\/\/zarabiajwnecie.pl\/?page_id=588","og_locale":"pl_PL","og_type":"article","og_title":"AIR CASH - zarabianie w internecie","og_description":"30 PLN WYMAGANIA:","og_url":"https:\/\/zarabiajwnecie.pl\/?page_id=588","og_site_name":"zarabianie w internecie","article_modified_time":"2025-05-30T07:09:14+00:00","og_image":[{"url":"http:\/\/polecenia.online\/wp-content\/uploads\/2025\/05\/IMG_7020.jpeg","type":"","width":"","height":""}],"twitter_card":"summary_large_image","twitter_misc":{"Szacowany czas czytania":"1 minuta"},"schema":{"@context":"https:\/\/schema.org","@graph":[{"@type":"WebPage","@id":"https:\/\/zarabiajwnecie.pl\/?page_id=588","url":"https:\/\/zarabiajwnecie.pl\/?page_id=588","name":"AIR CASH - zarabianie w internecie","isPartOf":{"@id":"https:\/\/zarabiajwnecie.pl\/#website"},"primaryImageOfPage":{"@id":"https:\/\/zarabiajwnecie.pl\/?page_id=588#primaryimage"},"image":{"@id":"https:\/\/zarabiajwnecie.pl\/?page_id=588#primaryimage"},"thumbnailUrl":"http:\/\/polecenia.online\/wp-content\/uploads\/2025\/05\/IMG_7020.jpeg","datePublished":"2025-05-03T20:07:50+00:00","dateModified":"2025-05-30T07:09:14+00:00","breadcrumb":{"@id":"https:\/\/zarabiajwnecie.pl\/?page_id=588#breadcrumb"},"inLanguage":"pl-PL","potentialAction":[{"@type":"ReadAction","target":["https:\/\/zarabiajwnecie.pl\/?page_id=588"]}]},{"@type":"ImageObject","inLanguage":"pl-PL","@id":"https:\/\/zarabiajwnecie.pl\/?page_id=588#primaryimage","url":"http:\/\/polecenia.online\/wp-content\/uploads\/2025\/05\/IMG_7020.jpeg","contentUrl":"http:\/\/polecenia.online\/wp-content\/uploads\/2025\/05\/IMG_7020.jpeg"},{"@type":"BreadcrumbList","@id":"https:\/\/zarabiajwnecie.pl\/?page_id=588#breadcrumb","itemListElement":[{"@type":"ListItem","position":1,"name":"Strona g\u0142\u00f3wna","item":"https:\/\/zarabiajwnecie.pl\/"},{"@type":"ListItem","position":2,"name":"AIR CASH"}]},{"@type":"WebSite","@id":"https:\/\/zarabiajwnecie.pl\/#website","url":"https:\/\/zarabiajwnecie.pl\/","name":"zarabianie w internecie","description":"","potentialAction":[{"@type":"SearchAction","target":{"@type":"EntryPoint","urlTemplate":"https:\/\/zarabiajwnecie.pl\/?s={search_term_string}"},"query-input":{"@type":"PropertyValueSpecification","valueRequired":true,"valueName":"search_term_string"}}],"inLanguage":"pl-PL"}]}},"post_mailing_queue_ids":[],"_links":{"self":[{"href":"https:\/\/zarabiajwnecie.pl\/index.php?rest_route=\/wp\/v2\/pages\/588","targetHints":{"allow":["GET"]}}],"collection":[{"href":"https:\/\/zarabiajwnecie.pl\/index.php?rest_route=\/wp\/v2\/pages"}],"about":[{"href":"https:\/\/zarabiajwnecie.pl\/index.php?rest_route=\/wp\/v2\/types\/page"}],"author":[{"embeddable":true,"href":"https:\/\/zarabiajwnecie.pl\/index.php?rest_route=\/wp\/v2\/users\/1"}],"replies":[{"embeddable":true,"href":"https:\/\/zarabiajwnecie.pl\/index.php?rest_route=%2Fwp%2Fv2%2Fcomments&post=588"}],"version-history":[{"count":8,"href":"https:\/\/zarabiajwnecie.pl\/index.php?rest_route=\/wp\/v2\/pages\/588\/revisions"}],"predecessor-version":[{"id":787,"href":"https:\/\/zarabiajwnecie.pl\/index.php?rest_route=\/wp\/v2\/pages\/588\/revisions\/787"}],"wp:attachment":[{"href":"https:\/\/zarabiajwnecie.pl\/index.php?rest_route=%2Fwp%2Fv2%2Fmedia&parent=588"}],"curies":[{"name":"wp","href":"https:\/\/api.w.org\/{rel}","templated":true}]}}