{"id":698,"date":"2025-05-16T07:34:28","date_gmt":"2025-05-16T05:34:28","guid":{"rendered":"https:\/\/polecenia.online\/?page_id=698"},"modified":"2025-05-16T08:22:48","modified_gmt":"2025-05-16T06:22:48","slug":"alior-bank","status":"publish","type":"page","link":"https:\/\/zarabiajwnecie.pl\/?page_id=698","title":{"rendered":"ALIOR BANK"},"content":{"rendered":"<p class=\"has-white-color has-vivid-cyan-blue-background-color has-text-color has-background has-link-color wp-elements-10c9020419eef2e9337a282afefcd6bc\"><strong>200 PLN + 16.000 PUNKT\u00d3W<\/strong><\/p><p>WYMAGANIA:<\/p><ul class=\"wp-block-list\"><li>rejestracja z podanego poni\u017cej linku:<br><br><a href=\"https:\/\/www.comperialead.pl\/a\/pp.php?link=38b7d01ffbab8dafc9e854b7040fd8e0\">https:\/\/www.comperialead.pl\/a\/pp.php?link=38b7d01ffbab8dafc9e854b7040fd8e0<\/a><br><br><\/li>\n\n<li>Aby otrzyma\u0107 <strong>200 PLN<\/strong><br>1. Zasil konto jednorazow\u0105 <strong>kwot\u0105 min. 500 z\u0142<\/strong><br>2. Wykonaj&nbsp;<strong>min. 5 transakcji<\/strong> kart\u0105 do konta, BLIK lub zegarkiem<br>3. Zaloguj si\u0119 do Alior Mobile<\/li>\n\n<li>Dodatkowo otrzymasz <strong>16.000 punkt\u00f3w<\/strong> w programie Bezcenne Chwile<\/li><\/ul><div id=\"ads_2671482\"><script language=\"javascript\" type=\"text\/javascript\">var script = document.createElement(\"script\");script.src = \"\/\/www.comperialead.pl\/getbanner.php?b=ee4fcd524ef436dfa1&c=js&p=304034&ref=1pGfeL&label=$_ETYKIETA_&r=\"+window.location.hostname+\"&d=2671482\";document.getElementById(\"ads_2671482\").appendChild(script);<\/script><\/div>","protected":false},"excerpt":{"rendered":"<p>200 PLN + 16.000 PUNKT\u00d3W WYMAGANIA:<\/p>\n","protected":false},"author":1,"featured_media":0,"parent":0,"menu_order":0,"comment_status":"closed","ping_status":"closed","template":"","meta":{"footnotes":""},"class_list":["post-698","page","type-page","status-publish","hentry"],"yoast_head":"<!-- This site is optimized with the Yoast SEO plugin v25.2 - https:\/\/yoast.com\/wordpress\/plugins\/seo\/ -->\n<title>ALIOR BANK - zarabianie w internecie<\/title>\n<meta name=\"robots\" content=\"index, follow, max-snippet:-1, max-image-preview:large, max-video-preview:-1\" \/>\n<link rel=\"canonical\" href=\"https:\/\/zarabiajwnecie.pl\/?page_id=698\" \/>\n<meta property=\"og:locale\" content=\"pl_PL\" \/>\n<meta property=\"og:type\" content=\"article\" \/>\n<meta property=\"og:title\" content=\"ALIOR BANK - zarabianie w internecie\" \/>\n<meta property=\"og:description\" content=\"200 PLN + 16.000 PUNKT\u00d3W WYMAGANIA:\" \/>\n<meta property=\"og:url\" content=\"https:\/\/zarabiajwnecie.pl\/?page_id=698\" \/>\n<meta property=\"og:site_name\" content=\"zarabianie w internecie\" \/>\n<meta property=\"article:modified_time\" content=\"2025-05-16T06:22:48+00:00\" \/>\n<meta name=\"twitter:card\" content=\"summary_large_image\" \/>\n<script type=\"application\/ld+json\" class=\"yoast-schema-graph\">{\"@context\":\"https:\/\/schema.org\",\"@graph\":[{\"@type\":\"WebPage\",\"@id\":\"https:\/\/zarabiajwnecie.pl\/?page_id=698\",\"url\":\"https:\/\/zarabiajwnecie.pl\/?page_id=698\",\"name\":\"ALIOR BANK - zarabianie w internecie\",\"isPartOf\":{\"@id\":\"https:\/\/zarabiajwnecie.pl\/#website\"},\"datePublished\":\"2025-05-16T05:34:28+00:00\",\"dateModified\":\"2025-05-16T06:22:48+00:00\",\"breadcrumb\":{\"@id\":\"https:\/\/zarabiajwnecie.pl\/?page_id=698#breadcrumb\"},\"inLanguage\":\"pl-PL\",\"potentialAction\":[{\"@type\":\"ReadAction\",\"target\":[\"https:\/\/zarabiajwnecie.pl\/?page_id=698\"]}]},{\"@type\":\"BreadcrumbList\",\"@id\":\"https:\/\/zarabiajwnecie.pl\/?page_id=698#breadcrumb\",\"itemListElement\":[{\"@type\":\"ListItem\",\"position\":1,\"name\":\"Strona g\u0142\u00f3wna\",\"item\":\"https:\/\/zarabiajwnecie.pl\/\"},{\"@type\":\"ListItem\",\"position\":2,\"name\":\"ALIOR BANK\"}]},{\"@type\":\"WebSite\",\"@id\":\"https:\/\/zarabiajwnecie.pl\/#website\",\"url\":\"https:\/\/zarabiajwnecie.pl\/\",\"name\":\"zarabianie w internecie\",\"description\":\"\",\"potentialAction\":[{\"@type\":\"SearchAction\",\"target\":{\"@type\":\"EntryPoint\",\"urlTemplate\":\"https:\/\/zarabiajwnecie.pl\/?s={search_term_string}\"},\"query-input\":{\"@type\":\"PropertyValueSpecification\",\"valueRequired\":true,\"valueName\":\"search_term_string\"}}],\"inLanguage\":\"pl-PL\"}]}<\/script>\n<!-- \/ Yoast SEO plugin. -->","yoast_head_json":{"title":"ALIOR BANK - zarabianie w internecie","robots":{"index":"index","follow":"follow","max-snippet":"max-snippet:-1","max-image-preview":"max-image-preview:large","max-video-preview":"max-video-preview:-1"},"canonical":"https:\/\/zarabiajwnecie.pl\/?page_id=698","og_locale":"pl_PL","og_type":"article","og_title":"ALIOR BANK - zarabianie w internecie","og_description":"200 PLN + 16.000 PUNKT\u00d3W WYMAGANIA:","og_url":"https:\/\/zarabiajwnecie.pl\/?page_id=698","og_site_name":"zarabianie w internecie","article_modified_time":"2025-05-16T06:22:48+00:00","twitter_card":"summary_large_image","schema":{"@context":"https:\/\/schema.org","@graph":[{"@type":"WebPage","@id":"https:\/\/zarabiajwnecie.pl\/?page_id=698","url":"https:\/\/zarabiajwnecie.pl\/?page_id=698","name":"ALIOR BANK - zarabianie w internecie","isPartOf":{"@id":"https:\/\/zarabiajwnecie.pl\/#website"},"datePublished":"2025-05-16T05:34:28+00:00","dateModified":"2025-05-16T06:22:48+00:00","breadcrumb":{"@id":"https:\/\/zarabiajwnecie.pl\/?page_id=698#breadcrumb"},"inLanguage":"pl-PL","potentialAction":[{"@type":"ReadAction","target":["https:\/\/zarabiajwnecie.pl\/?page_id=698"]}]},{"@type":"BreadcrumbList","@id":"https:\/\/zarabiajwnecie.pl\/?page_id=698#breadcrumb","itemListElement":[{"@type":"ListItem","position":1,"name":"Strona g\u0142\u00f3wna","item":"https:\/\/zarabiajwnecie.pl\/"},{"@type":"ListItem","position":2,"name":"ALIOR BANK"}]},{"@type":"WebSite","@id":"https:\/\/zarabiajwnecie.pl\/#website","url":"https:\/\/zarabiajwnecie.pl\/","name":"zarabianie w internecie","description":"","potentialAction":[{"@type":"SearchAction","target":{"@type":"EntryPoint","urlTemplate":"https:\/\/zarabiajwnecie.pl\/?s={search_term_string}"},"query-input":{"@type":"PropertyValueSpecification","valueRequired":true,"valueName":"search_term_string"}}],"inLanguage":"pl-PL"}]}},"post_mailing_queue_ids":[],"_links":{"self":[{"href":"https:\/\/zarabiajwnecie.pl\/index.php?rest_route=\/wp\/v2\/pages\/698","targetHints":{"allow":["GET"]}}],"collection":[{"href":"https:\/\/zarabiajwnecie.pl\/index.php?rest_route=\/wp\/v2\/pages"}],"about":[{"href":"https:\/\/zarabiajwnecie.pl\/index.php?rest_route=\/wp\/v2\/types\/page"}],"author":[{"embeddable":true,"href":"https:\/\/zarabiajwnecie.pl\/index.php?rest_route=\/wp\/v2\/users\/1"}],"replies":[{"embeddable":true,"href":"https:\/\/zarabiajwnecie.pl\/index.php?rest_route=%2Fwp%2Fv2%2Fcomments&post=698"}],"version-history":[{"count":3,"href":"https:\/\/zarabiajwnecie.pl\/index.php?rest_route=\/wp\/v2\/pages\/698\/revisions"}],"predecessor-version":[{"id":726,"href":"https:\/\/zarabiajwnecie.pl\/index.php?rest_route=\/wp\/v2\/pages\/698\/revisions\/726"}],"wp:attachment":[{"href":"https:\/\/zarabiajwnecie.pl\/index.php?rest_route=%2Fwp%2Fv2%2Fmedia&parent=698"}],"curies":[{"name":"wp","href":"https:\/\/api.w.org\/{rel}","templated":true}]}}