{"id":702,"date":"2025-05-16T07:46:08","date_gmt":"2025-05-16T05:46:08","guid":{"rendered":"https:\/\/polecenia.online\/?page_id=702"},"modified":"2025-05-16T07:57:34","modified_gmt":"2025-05-16T05:57:34","slug":"millenium-bank","status":"publish","type":"page","link":"https:\/\/zarabiajwnecie.pl\/?page_id=702","title":{"rendered":"MILLENIUM BANK"},"content":{"rendered":"<p class=\"has-white-color has-vivid-cyan-blue-background-color has-text-color has-background has-link-color wp-elements-1b17de2990f27d6aec029eec055d816a\"><strong>BONUS do 850 PLN<\/strong><\/p><p>WYMAGANIA:<\/p><ul class=\"wp-block-list\"><li>rejestracja z podanego poni\u017cej linku:<br><br><a href=\"https:\/\/www.comperialead.pl\/a\/pp.php?link=81b57e8ef4c514968168392c65457786\">https:\/\/www.comperialead.pl\/a\/pp.php?link=81b57e8ef4c514968168392c65457786<\/a><br><\/li>\n\n<li><strong>Aby otrzyma\u0107 250 PLN<\/strong><br>1. Zaloguj si\u0119&nbsp;do&nbsp;aplikacji mobilnej<br>2. Zapewnij wp\u0142yw na konto w jednorazowej wysoko\u015bci min. 1000 PLN<br>3. Przynajmniej raz zap\u0142a\u0107 BLIKIEM lub kart\u0105 debetow\u0105. Mo\u017cesz to zrobi\u0107 np. za pomoc\u0105 Google Pay lub Apple Pay<br><\/li>\n\n<li><strong>Aby zyska\u0107&nbsp;kolejne 250 PLN<\/strong>, w ka\u017cdym z 3 kolejnych miesi\u0119cy po miesi\u0105cu otwarcia konta:<br>1.&nbsp;Zapewnij wp\u0142yw na konto w jednorazowej wysoko\u015bci min. 1 000 PLN<br>2. Zap\u0142a\u0107 kart\u0105 do konta lub BLIKIEM min. 500 z\u0142. Mo\u017cesz to zrobi\u0107 np. za pomoc\u0105 Google Pay lub Apple Pay<br><\/li>\n\n<li><strong>Aby otrzyma\u0107 kolejne 150 PLN<\/strong><br>1. Spe\u0142nisz wszystkie warunki do otrzymania drugiej premii oraz<br>2. Tw\u00f3j wp\u0142yw na konto w jednorazowej wysoko\u015bci min. 1 000 z\u0142 b\u0119dzie&nbsp;<strong>przelewem Twojego wynagrodzenia lub stypendium<\/strong>&nbsp;przez co najmniej&nbsp;<strong>2 miesi\u0105ce<\/strong>&nbsp;okre\u015blone w regulaminie promocji<br><br><em>Promocja obowi\u0105zuje tylko dla nowych klient\u00f3w Banku, kt\u00f3rzy nie posiadaj\u0105 lub nie posiadali \u017cadnego rachunku oszcz\u0119dno\u015bciowo-rozliczeniowego w Banku na dzie\u0144 startu promocji lub po 01.01.2021.<\/em><\/li><\/ul><div id=\"ads_1704579\"><script language=\"javascript\" type=\"text\/javascript\">var script = document.createElement(\"script\");script.src = \"\/\/www.comperialead.pl\/getbanner.php?b=48ba54ea0759f7be90&c=js&p=304034&ref=1pGfeL&label=$_ETYKIETA_&r=\"+window.location.hostname+\"&d=1704579\";document.getElementById(\"ads_1704579\").appendChild(script);<\/script><\/div>","protected":false},"excerpt":{"rendered":"<p>BONUS do 850 PLN WYMAGANIA:<\/p>\n","protected":false},"author":1,"featured_media":0,"parent":0,"menu_order":0,"comment_status":"closed","ping_status":"closed","template":"","meta":{"footnotes":""},"class_list":["post-702","page","type-page","status-publish","hentry"],"yoast_head":"<!-- This site is optimized with the Yoast SEO plugin v25.2 - https:\/\/yoast.com\/wordpress\/plugins\/seo\/ -->\n<title>MILLENIUM BANK - zarabianie w internecie<\/title>\n<meta name=\"robots\" content=\"index, follow, max-snippet:-1, max-image-preview:large, max-video-preview:-1\" \/>\n<link rel=\"canonical\" href=\"https:\/\/zarabiajwnecie.pl\/?page_id=702\" \/>\n<meta property=\"og:locale\" content=\"pl_PL\" \/>\n<meta property=\"og:type\" content=\"article\" \/>\n<meta property=\"og:title\" content=\"MILLENIUM BANK - zarabianie w internecie\" \/>\n<meta property=\"og:description\" content=\"BONUS do 850 PLN WYMAGANIA:\" \/>\n<meta property=\"og:url\" content=\"https:\/\/zarabiajwnecie.pl\/?page_id=702\" \/>\n<meta property=\"og:site_name\" content=\"zarabianie w internecie\" \/>\n<meta property=\"article:modified_time\" content=\"2025-05-16T05:57:34+00:00\" \/>\n<meta name=\"twitter:card\" content=\"summary_large_image\" \/>\n<meta name=\"twitter:label1\" content=\"Szacowany czas czytania\" \/>\n\t<meta name=\"twitter:data1\" content=\"1 minuta\" \/>\n<script type=\"application\/ld+json\" class=\"yoast-schema-graph\">{\"@context\":\"https:\/\/schema.org\",\"@graph\":[{\"@type\":\"WebPage\",\"@id\":\"https:\/\/zarabiajwnecie.pl\/?page_id=702\",\"url\":\"https:\/\/zarabiajwnecie.pl\/?page_id=702\",\"name\":\"MILLENIUM BANK - zarabianie w internecie\",\"isPartOf\":{\"@id\":\"https:\/\/zarabiajwnecie.pl\/#website\"},\"datePublished\":\"2025-05-16T05:46:08+00:00\",\"dateModified\":\"2025-05-16T05:57:34+00:00\",\"breadcrumb\":{\"@id\":\"https:\/\/zarabiajwnecie.pl\/?page_id=702#breadcrumb\"},\"inLanguage\":\"pl-PL\",\"potentialAction\":[{\"@type\":\"ReadAction\",\"target\":[\"https:\/\/zarabiajwnecie.pl\/?page_id=702\"]}]},{\"@type\":\"BreadcrumbList\",\"@id\":\"https:\/\/zarabiajwnecie.pl\/?page_id=702#breadcrumb\",\"itemListElement\":[{\"@type\":\"ListItem\",\"position\":1,\"name\":\"Strona g\u0142\u00f3wna\",\"item\":\"https:\/\/zarabiajwnecie.pl\/\"},{\"@type\":\"ListItem\",\"position\":2,\"name\":\"MILLENIUM BANK\"}]},{\"@type\":\"WebSite\",\"@id\":\"https:\/\/zarabiajwnecie.pl\/#website\",\"url\":\"https:\/\/zarabiajwnecie.pl\/\",\"name\":\"zarabianie w internecie\",\"description\":\"\",\"potentialAction\":[{\"@type\":\"SearchAction\",\"target\":{\"@type\":\"EntryPoint\",\"urlTemplate\":\"https:\/\/zarabiajwnecie.pl\/?s={search_term_string}\"},\"query-input\":{\"@type\":\"PropertyValueSpecification\",\"valueRequired\":true,\"valueName\":\"search_term_string\"}}],\"inLanguage\":\"pl-PL\"}]}<\/script>\n<!-- \/ Yoast SEO plugin. -->","yoast_head_json":{"title":"MILLENIUM BANK - zarabianie w internecie","robots":{"index":"index","follow":"follow","max-snippet":"max-snippet:-1","max-image-preview":"max-image-preview:large","max-video-preview":"max-video-preview:-1"},"canonical":"https:\/\/zarabiajwnecie.pl\/?page_id=702","og_locale":"pl_PL","og_type":"article","og_title":"MILLENIUM BANK - zarabianie w internecie","og_description":"BONUS do 850 PLN WYMAGANIA:","og_url":"https:\/\/zarabiajwnecie.pl\/?page_id=702","og_site_name":"zarabianie w internecie","article_modified_time":"2025-05-16T05:57:34+00:00","twitter_card":"summary_large_image","twitter_misc":{"Szacowany czas czytania":"1 minuta"},"schema":{"@context":"https:\/\/schema.org","@graph":[{"@type":"WebPage","@id":"https:\/\/zarabiajwnecie.pl\/?page_id=702","url":"https:\/\/zarabiajwnecie.pl\/?page_id=702","name":"MILLENIUM BANK - zarabianie w internecie","isPartOf":{"@id":"https:\/\/zarabiajwnecie.pl\/#website"},"datePublished":"2025-05-16T05:46:08+00:00","dateModified":"2025-05-16T05:57:34+00:00","breadcrumb":{"@id":"https:\/\/zarabiajwnecie.pl\/?page_id=702#breadcrumb"},"inLanguage":"pl-PL","potentialAction":[{"@type":"ReadAction","target":["https:\/\/zarabiajwnecie.pl\/?page_id=702"]}]},{"@type":"BreadcrumbList","@id":"https:\/\/zarabiajwnecie.pl\/?page_id=702#breadcrumb","itemListElement":[{"@type":"ListItem","position":1,"name":"Strona g\u0142\u00f3wna","item":"https:\/\/zarabiajwnecie.pl\/"},{"@type":"ListItem","position":2,"name":"MILLENIUM BANK"}]},{"@type":"WebSite","@id":"https:\/\/zarabiajwnecie.pl\/#website","url":"https:\/\/zarabiajwnecie.pl\/","name":"zarabianie w internecie","description":"","potentialAction":[{"@type":"SearchAction","target":{"@type":"EntryPoint","urlTemplate":"https:\/\/zarabiajwnecie.pl\/?s={search_term_string}"},"query-input":{"@type":"PropertyValueSpecification","valueRequired":true,"valueName":"search_term_string"}}],"inLanguage":"pl-PL"}]}},"post_mailing_queue_ids":[],"_links":{"self":[{"href":"https:\/\/zarabiajwnecie.pl\/index.php?rest_route=\/wp\/v2\/pages\/702","targetHints":{"allow":["GET"]}}],"collection":[{"href":"https:\/\/zarabiajwnecie.pl\/index.php?rest_route=\/wp\/v2\/pages"}],"about":[{"href":"https:\/\/zarabiajwnecie.pl\/index.php?rest_route=\/wp\/v2\/types\/page"}],"author":[{"embeddable":true,"href":"https:\/\/zarabiajwnecie.pl\/index.php?rest_route=\/wp\/v2\/users\/1"}],"replies":[{"embeddable":true,"href":"https:\/\/zarabiajwnecie.pl\/index.php?rest_route=%2Fwp%2Fv2%2Fcomments&post=702"}],"version-history":[{"count":4,"href":"https:\/\/zarabiajwnecie.pl\/index.php?rest_route=\/wp\/v2\/pages\/702\/revisions"}],"predecessor-version":[{"id":714,"href":"https:\/\/zarabiajwnecie.pl\/index.php?rest_route=\/wp\/v2\/pages\/702\/revisions\/714"}],"wp:attachment":[{"href":"https:\/\/zarabiajwnecie.pl\/index.php?rest_route=%2Fwp%2Fv2%2Fmedia&parent=702"}],"curies":[{"name":"wp","href":"https:\/\/api.w.org\/{rel}","templated":true}]}}