{"id":720,"date":"2025-05-16T08:19:40","date_gmt":"2025-05-16T06:19:40","guid":{"rendered":"https:\/\/polecenia.online\/?page_id=720"},"modified":"2025-05-16T08:20:31","modified_gmt":"2025-05-16T06:20:31","slug":"santander-bank","status":"publish","type":"page","link":"https:\/\/zarabiajwnecie.pl\/?page_id=720","title":{"rendered":"SANTANDER BANK"},"content":{"rendered":"<p class=\"has-white-color has-vivid-cyan-blue-background-color has-text-color has-background has-link-color wp-elements-749e24b5efa1172c7a0a52cb790caf0c\"><strong>BONUS DO 400 PLN <\/strong><\/p><p>WYMAGANIA:<\/p><ul class=\"wp-block-list\"><li>rejestracja z podanego poni\u017cej linku:<br><br><a href=\"https:\/\/www.comperialead.pl\/a\/pp.php?link=b5f30d6b7a317d80a680ef2fd98988d9\">https:\/\/www.comperialead.pl\/a\/pp.php?link=b5f30d6b7a317d80a680ef2fd98988d9<\/a><br><br><\/li>\n\n<li><strong>Aby otrzyma\u0107 150 PLN<\/strong> nale\u017cy w\u00a0pierwszym i\u00a0w\u00a0drugim miesi\u0105cu nast\u0119puj\u0105cych po miesi\u0105cu, w\u00a0kt\u00f3rym z\u0142o\u017cysz wniosek spe\u0142nisz \u0142\u0105cznie poni\u017csze warunki:<br>1. Zapewnisz min. 1000\u00a0z\u0142 wp\u0142ywu na konto otwarte w\u00a0promocji;<br>2. Wykonasz min. jedn\u0105 transakcj\u0119 BLIK;<br>3. Wykonasz min. jedn\u0105 p\u0142atno\u015b\u0107 kart\u0105 debetow\u0105.<br><br><\/li>\n\n<li><strong>Aby otrzyma\u0107 kolejne 150 PLN<\/strong> w\u00a0trzecim i\u00a0w\u00a0czwartym miesi\u0105cu nast\u0119puj\u0105cych po miesi\u0105cu, w\u00a0kt\u00f3rym z\u0142o\u017cysz wniosek spe\u0142nisz \u0142\u0105cznie poni\u017csze warunki:<br>1. Zapewnisz min. 1000\u00a0z\u0142 wp\u0142ywu na konto otwarte w\u00a0promocji;<br>2. Wykonasz min. jedn\u0105 transakcj\u0119 BLIK<br>3. Wykonasz min. jedn\u0105 p\u0142atno\u015b\u0107 kart\u0105 debetow\u0105.<br><br><\/li>\n\n<li><strong>Kolejne 100 PLN<\/strong> otrzymasz, spe\u0142nisz wszystkie warunki pierwszego i\u00a0drugiego etapu tej promocji.<\/li><\/ul><div id=\"ads_2108422\"><script language=\"javascript\" type=\"text\/javascript\">var script = document.createElement(\"script\");script.src = \"\/\/www.comperialead.pl\/getbanner.php?b=bcfd0e0e6c584f4463&c=js&p=304034&ref=1pGfeL&label=$_ETYKIETA_&r=\"+window.location.hostname+\"&d=2108422\";document.getElementById(\"ads_2108422\").appendChild(script);<\/script><\/div>","protected":false},"excerpt":{"rendered":"<p>BONUS DO 400 PLN WYMAGANIA:<\/p>\n","protected":false},"author":1,"featured_media":0,"parent":0,"menu_order":0,"comment_status":"closed","ping_status":"closed","template":"","meta":{"footnotes":""},"class_list":["post-720","page","type-page","status-publish","hentry"],"yoast_head":"<!-- This site is optimized with the Yoast SEO plugin v25.2 - https:\/\/yoast.com\/wordpress\/plugins\/seo\/ -->\n<title>SANTANDER BANK - zarabianie w internecie<\/title>\n<meta name=\"robots\" content=\"index, follow, max-snippet:-1, max-image-preview:large, max-video-preview:-1\" \/>\n<link rel=\"canonical\" href=\"https:\/\/zarabiajwnecie.pl\/?page_id=720\" \/>\n<meta property=\"og:locale\" content=\"pl_PL\" \/>\n<meta property=\"og:type\" content=\"article\" \/>\n<meta property=\"og:title\" content=\"SANTANDER BANK - zarabianie w internecie\" \/>\n<meta property=\"og:description\" content=\"BONUS DO 400 PLN WYMAGANIA:\" \/>\n<meta property=\"og:url\" content=\"https:\/\/zarabiajwnecie.pl\/?page_id=720\" \/>\n<meta property=\"og:site_name\" content=\"zarabianie w internecie\" \/>\n<meta property=\"article:modified_time\" content=\"2025-05-16T06:20:31+00:00\" \/>\n<meta name=\"twitter:card\" content=\"summary_large_image\" \/>\n<meta name=\"twitter:label1\" content=\"Szacowany czas czytania\" \/>\n\t<meta name=\"twitter:data1\" content=\"1 minuta\" \/>\n<script type=\"application\/ld+json\" class=\"yoast-schema-graph\">{\"@context\":\"https:\/\/schema.org\",\"@graph\":[{\"@type\":\"WebPage\",\"@id\":\"https:\/\/zarabiajwnecie.pl\/?page_id=720\",\"url\":\"https:\/\/zarabiajwnecie.pl\/?page_id=720\",\"name\":\"SANTANDER BANK - zarabianie w internecie\",\"isPartOf\":{\"@id\":\"https:\/\/zarabiajwnecie.pl\/#website\"},\"datePublished\":\"2025-05-16T06:19:40+00:00\",\"dateModified\":\"2025-05-16T06:20:31+00:00\",\"breadcrumb\":{\"@id\":\"https:\/\/zarabiajwnecie.pl\/?page_id=720#breadcrumb\"},\"inLanguage\":\"pl-PL\",\"potentialAction\":[{\"@type\":\"ReadAction\",\"target\":[\"https:\/\/zarabiajwnecie.pl\/?page_id=720\"]}]},{\"@type\":\"BreadcrumbList\",\"@id\":\"https:\/\/zarabiajwnecie.pl\/?page_id=720#breadcrumb\",\"itemListElement\":[{\"@type\":\"ListItem\",\"position\":1,\"name\":\"Strona g\u0142\u00f3wna\",\"item\":\"https:\/\/zarabiajwnecie.pl\/\"},{\"@type\":\"ListItem\",\"position\":2,\"name\":\"SANTANDER BANK\"}]},{\"@type\":\"WebSite\",\"@id\":\"https:\/\/zarabiajwnecie.pl\/#website\",\"url\":\"https:\/\/zarabiajwnecie.pl\/\",\"name\":\"zarabianie w internecie\",\"description\":\"\",\"potentialAction\":[{\"@type\":\"SearchAction\",\"target\":{\"@type\":\"EntryPoint\",\"urlTemplate\":\"https:\/\/zarabiajwnecie.pl\/?s={search_term_string}\"},\"query-input\":{\"@type\":\"PropertyValueSpecification\",\"valueRequired\":true,\"valueName\":\"search_term_string\"}}],\"inLanguage\":\"pl-PL\"}]}<\/script>\n<!-- \/ Yoast SEO plugin. -->","yoast_head_json":{"title":"SANTANDER BANK - zarabianie w internecie","robots":{"index":"index","follow":"follow","max-snippet":"max-snippet:-1","max-image-preview":"max-image-preview:large","max-video-preview":"max-video-preview:-1"},"canonical":"https:\/\/zarabiajwnecie.pl\/?page_id=720","og_locale":"pl_PL","og_type":"article","og_title":"SANTANDER BANK - zarabianie w internecie","og_description":"BONUS DO 400 PLN WYMAGANIA:","og_url":"https:\/\/zarabiajwnecie.pl\/?page_id=720","og_site_name":"zarabianie w internecie","article_modified_time":"2025-05-16T06:20:31+00:00","twitter_card":"summary_large_image","twitter_misc":{"Szacowany czas czytania":"1 minuta"},"schema":{"@context":"https:\/\/schema.org","@graph":[{"@type":"WebPage","@id":"https:\/\/zarabiajwnecie.pl\/?page_id=720","url":"https:\/\/zarabiajwnecie.pl\/?page_id=720","name":"SANTANDER BANK - zarabianie w internecie","isPartOf":{"@id":"https:\/\/zarabiajwnecie.pl\/#website"},"datePublished":"2025-05-16T06:19:40+00:00","dateModified":"2025-05-16T06:20:31+00:00","breadcrumb":{"@id":"https:\/\/zarabiajwnecie.pl\/?page_id=720#breadcrumb"},"inLanguage":"pl-PL","potentialAction":[{"@type":"ReadAction","target":["https:\/\/zarabiajwnecie.pl\/?page_id=720"]}]},{"@type":"BreadcrumbList","@id":"https:\/\/zarabiajwnecie.pl\/?page_id=720#breadcrumb","itemListElement":[{"@type":"ListItem","position":1,"name":"Strona g\u0142\u00f3wna","item":"https:\/\/zarabiajwnecie.pl\/"},{"@type":"ListItem","position":2,"name":"SANTANDER BANK"}]},{"@type":"WebSite","@id":"https:\/\/zarabiajwnecie.pl\/#website","url":"https:\/\/zarabiajwnecie.pl\/","name":"zarabianie w internecie","description":"","potentialAction":[{"@type":"SearchAction","target":{"@type":"EntryPoint","urlTemplate":"https:\/\/zarabiajwnecie.pl\/?s={search_term_string}"},"query-input":{"@type":"PropertyValueSpecification","valueRequired":true,"valueName":"search_term_string"}}],"inLanguage":"pl-PL"}]}},"post_mailing_queue_ids":[],"_links":{"self":[{"href":"https:\/\/zarabiajwnecie.pl\/index.php?rest_route=\/wp\/v2\/pages\/720","targetHints":{"allow":["GET"]}}],"collection":[{"href":"https:\/\/zarabiajwnecie.pl\/index.php?rest_route=\/wp\/v2\/pages"}],"about":[{"href":"https:\/\/zarabiajwnecie.pl\/index.php?rest_route=\/wp\/v2\/types\/page"}],"author":[{"embeddable":true,"href":"https:\/\/zarabiajwnecie.pl\/index.php?rest_route=\/wp\/v2\/users\/1"}],"replies":[{"embeddable":true,"href":"https:\/\/zarabiajwnecie.pl\/index.php?rest_route=%2Fwp%2Fv2%2Fcomments&post=720"}],"version-history":[{"count":2,"href":"https:\/\/zarabiajwnecie.pl\/index.php?rest_route=\/wp\/v2\/pages\/720\/revisions"}],"predecessor-version":[{"id":723,"href":"https:\/\/zarabiajwnecie.pl\/index.php?rest_route=\/wp\/v2\/pages\/720\/revisions\/723"}],"wp:attachment":[{"href":"https:\/\/zarabiajwnecie.pl\/index.php?rest_route=%2Fwp%2Fv2%2Fmedia&parent=720"}],"curies":[{"name":"wp","href":"https:\/\/api.w.org\/{rel}","templated":true}]}}