{"id":822,"date":"2025-06-05T13:52:35","date_gmt":"2025-06-05T11:52:35","guid":{"rendered":"https:\/\/polecenia.online\/?page_id=822"},"modified":"2025-06-05T13:56:39","modified_gmt":"2025-06-05T11:56:39","slug":"konto-bez-komornika","status":"publish","type":"page","link":"https:\/\/zarabiajwnecie.pl\/?page_id=822","title":{"rendered":"KONTO BEZ KOMORNIKA"},"content":{"rendered":"<p class=\"has-luminous-vivid-amber-color has-black-background-color has-text-color has-background has-link-color wp-elements-70cd048e9f5154d7050feece5d730074\"><strong>N26 &#8211; BEZP\u0141ATNE KONTO<\/strong><\/p><figure class=\"wp-block-image size-large\"><img loading=\"lazy\" decoding=\"async\" width=\"1024\" height=\"479\" src=\"http:\/\/polecenia.online\/wp-content\/uploads\/2025\/06\/IMG_7509-1024x479.jpeg\" alt=\"\" class=\"wp-image-823\" srcset=\"https:\/\/zarabiajwnecie.pl\/wp-content\/uploads\/2025\/06\/IMG_7509-1024x479.jpeg 1024w, https:\/\/zarabiajwnecie.pl\/wp-content\/uploads\/2025\/06\/IMG_7509-300x140.jpeg 300w, https:\/\/zarabiajwnecie.pl\/wp-content\/uploads\/2025\/06\/IMG_7509-768x360.jpeg 768w, https:\/\/zarabiajwnecie.pl\/wp-content\/uploads\/2025\/06\/IMG_7509-1536x719.jpeg 1536w, https:\/\/zarabiajwnecie.pl\/wp-content\/uploads\/2025\/06\/IMG_7509-2048x959.jpeg 2048w, https:\/\/zarabiajwnecie.pl\/wp-content\/uploads\/2025\/06\/IMG_7509-600x281.jpeg 600w\" sizes=\"auto, (max-width: 1024px) 100vw, 1024px\" \/><\/figure><p>Je\u017celi potrzebujesz konta, kt\u00f3re jest bezpieczne i nie podglega zaj\u0119ciom komorniczym w Polsce to polecamy niemieckie <strong>konto N26<\/strong>. Konto jest prowadzone w walucie EUR. <br>Bank N26 nie jest zarejestrowany w Polsce, nie podlega systemowi OGNIVO a tym samym nie ma mozliwo\u015bci aby dowiedzia\u0142 si\u0119 o nim jakikolwiek Komornik w Polsce. <br>Podczas rejestracji b\u0119dziesz mia\u0142 do wyboru kilka opcji, konto bezp\u0142atne i kilka opcji p\u0142atnych. Na pocz\u0105tek sugerujemy aby\u015b wybra\u0142 opcj\u0119 BEZP\u0141ATN\u0104 a je\u017celi b\u0119dzie konto Ci si\u0119 podoba\u0142o w\u00f3wczas mo\u017cesz zmieni\u0107 opcj\u0119 na p\u0142atn\u0105 w ka\u017cdej chwili. <\/p><p>Du\u017cym plusem konta N26 jest fakt, \u017ce obs\u0142uguje ono przelewy INSTA SEPA, co to zonacza? <br>Oznacza to, \u017ce przelewy z wiekszo\u015bci bank\u00f3w w Europie oraz operator\u00f3w portfeli krypto jak Kraken, OKX, Bit2Me i innych, przelewy s\u0105 ksi\u0119gowane na Twoim koncie w przeci\u0105gu kilkudziesi\u0119ciu sekund i s\u0105 one BEZP\u0141ATNE! <\/p><p>Aby uzyska\u0107 dost\u0119p do <strong>BEZP\u0141ATNEGO konta N26<\/strong>, kt\u00f3re nie jest dost\u0119pne dla polskiego komornika, wystarczy, \u017ce klikniesz poni\u017cszy link i si\u0119 zarejestrujesz! <\/p><p>link: <a href=\"https:\/\/n26.com\/r\/marcinl8105\" target=\"_blank\" rel=\"noreferrer noopener\">https:\/\/n26.com\/r\/marcinl8105<\/a><\/p>","protected":false},"excerpt":{"rendered":"<p>N26 &#8211; BEZP\u0141ATNE KONTO Je\u017celi potrzebujesz konta, kt\u00f3re jest bezpieczne i nie podglega zaj\u0119ciom komorniczym w Polsce to polecamy niemieckie konto N26. Konto jest prowadzone w walucie EUR. Bank N26 nie jest zarejestrowany w Polsce, nie podlega systemowi OGNIVO a tym samym nie ma mozliwo\u015bci aby dowiedzia\u0142 si\u0119 o nim jakikolwiek Komornik w Polsce. Podczas [&hellip;]<\/p>\n","protected":false},"author":1,"featured_media":0,"parent":0,"menu_order":0,"comment_status":"closed","ping_status":"closed","template":"","meta":{"footnotes":""},"class_list":["post-822","page","type-page","status-publish","hentry"],"yoast_head":"<!-- This site is optimized with the Yoast SEO plugin v25.2 - https:\/\/yoast.com\/wordpress\/plugins\/seo\/ -->\n<title>KONTO BEZ KOMORNIKA - zarabianie w internecie<\/title>\n<meta name=\"description\" content=\"Bezp\u0142atne Konto bankowe w EUR, kt\u00f3re nie podlega zaj\u0119ciu komorniczemu w Polsce. Jedna z najlepszych opcji dost\u0119pnych na rynku kont bankowych.\" \/>\n<meta name=\"robots\" content=\"index, follow, max-snippet:-1, max-image-preview:large, max-video-preview:-1\" \/>\n<link rel=\"canonical\" href=\"https:\/\/zarabiajwnecie.pl\/?page_id=822\" \/>\n<meta property=\"og:locale\" content=\"pl_PL\" \/>\n<meta property=\"og:type\" content=\"article\" \/>\n<meta property=\"og:title\" content=\"KONTO BEZ KOMORNIKA - zarabianie w internecie\" \/>\n<meta property=\"og:description\" content=\"Bezp\u0142atne Konto bankowe w EUR, kt\u00f3re nie podlega zaj\u0119ciu komorniczemu w Polsce. Jedna z najlepszych opcji dost\u0119pnych na rynku kont bankowych.\" \/>\n<meta property=\"og:url\" content=\"https:\/\/zarabiajwnecie.pl\/?page_id=822\" \/>\n<meta property=\"og:site_name\" content=\"zarabianie w internecie\" \/>\n<meta property=\"article:modified_time\" content=\"2025-06-05T11:56:39+00:00\" \/>\n<meta property=\"og:image\" content=\"http:\/\/polecenia.online\/wp-content\/uploads\/2025\/06\/IMG_7509-1024x479.jpeg\" \/>\n<meta name=\"twitter:card\" content=\"summary_large_image\" \/>\n<meta name=\"twitter:label1\" content=\"Szacowany czas czytania\" \/>\n\t<meta name=\"twitter:data1\" content=\"2 minuty\" \/>\n<script type=\"application\/ld+json\" class=\"yoast-schema-graph\">{\"@context\":\"https:\/\/schema.org\",\"@graph\":[{\"@type\":\"WebPage\",\"@id\":\"https:\/\/zarabiajwnecie.pl\/?page_id=822\",\"url\":\"https:\/\/zarabiajwnecie.pl\/?page_id=822\",\"name\":\"KONTO BEZ KOMORNIKA - zarabianie w internecie\",\"isPartOf\":{\"@id\":\"https:\/\/zarabiajwnecie.pl\/#website\"},\"primaryImageOfPage\":{\"@id\":\"https:\/\/zarabiajwnecie.pl\/?page_id=822#primaryimage\"},\"image\":{\"@id\":\"https:\/\/zarabiajwnecie.pl\/?page_id=822#primaryimage\"},\"thumbnailUrl\":\"http:\/\/polecenia.online\/wp-content\/uploads\/2025\/06\/IMG_7509-1024x479.jpeg\",\"datePublished\":\"2025-06-05T11:52:35+00:00\",\"dateModified\":\"2025-06-05T11:56:39+00:00\",\"description\":\"Bezp\u0142atne Konto bankowe w EUR, kt\u00f3re nie podlega zaj\u0119ciu komorniczemu w Polsce. Jedna z najlepszych opcji dost\u0119pnych na rynku kont bankowych.\",\"breadcrumb\":{\"@id\":\"https:\/\/zarabiajwnecie.pl\/?page_id=822#breadcrumb\"},\"inLanguage\":\"pl-PL\",\"potentialAction\":[{\"@type\":\"ReadAction\",\"target\":[\"https:\/\/zarabiajwnecie.pl\/?page_id=822\"]}]},{\"@type\":\"ImageObject\",\"inLanguage\":\"pl-PL\",\"@id\":\"https:\/\/zarabiajwnecie.pl\/?page_id=822#primaryimage\",\"url\":\"http:\/\/polecenia.online\/wp-content\/uploads\/2025\/06\/IMG_7509-1024x479.jpeg\",\"contentUrl\":\"http:\/\/polecenia.online\/wp-content\/uploads\/2025\/06\/IMG_7509-1024x479.jpeg\"},{\"@type\":\"BreadcrumbList\",\"@id\":\"https:\/\/zarabiajwnecie.pl\/?page_id=822#breadcrumb\",\"itemListElement\":[{\"@type\":\"ListItem\",\"position\":1,\"name\":\"Strona g\u0142\u00f3wna\",\"item\":\"https:\/\/zarabiajwnecie.pl\/\"},{\"@type\":\"ListItem\",\"position\":2,\"name\":\"KONTO BEZ KOMORNIKA\"}]},{\"@type\":\"WebSite\",\"@id\":\"https:\/\/zarabiajwnecie.pl\/#website\",\"url\":\"https:\/\/zarabiajwnecie.pl\/\",\"name\":\"zarabianie w internecie\",\"description\":\"\",\"potentialAction\":[{\"@type\":\"SearchAction\",\"target\":{\"@type\":\"EntryPoint\",\"urlTemplate\":\"https:\/\/zarabiajwnecie.pl\/?s={search_term_string}\"},\"query-input\":{\"@type\":\"PropertyValueSpecification\",\"valueRequired\":true,\"valueName\":\"search_term_string\"}}],\"inLanguage\":\"pl-PL\"}]}<\/script>\n<!-- \/ Yoast SEO plugin. -->","yoast_head_json":{"title":"KONTO BEZ KOMORNIKA - zarabianie w internecie","description":"Bezp\u0142atne Konto bankowe w EUR, kt\u00f3re nie podlega zaj\u0119ciu komorniczemu w Polsce. Jedna z najlepszych opcji dost\u0119pnych na rynku kont bankowych.","robots":{"index":"index","follow":"follow","max-snippet":"max-snippet:-1","max-image-preview":"max-image-preview:large","max-video-preview":"max-video-preview:-1"},"canonical":"https:\/\/zarabiajwnecie.pl\/?page_id=822","og_locale":"pl_PL","og_type":"article","og_title":"KONTO BEZ KOMORNIKA - zarabianie w internecie","og_description":"Bezp\u0142atne Konto bankowe w EUR, kt\u00f3re nie podlega zaj\u0119ciu komorniczemu w Polsce. Jedna z najlepszych opcji dost\u0119pnych na rynku kont bankowych.","og_url":"https:\/\/zarabiajwnecie.pl\/?page_id=822","og_site_name":"zarabianie w internecie","article_modified_time":"2025-06-05T11:56:39+00:00","og_image":[{"url":"http:\/\/polecenia.online\/wp-content\/uploads\/2025\/06\/IMG_7509-1024x479.jpeg","type":"","width":"","height":""}],"twitter_card":"summary_large_image","twitter_misc":{"Szacowany czas czytania":"2 minuty"},"schema":{"@context":"https:\/\/schema.org","@graph":[{"@type":"WebPage","@id":"https:\/\/zarabiajwnecie.pl\/?page_id=822","url":"https:\/\/zarabiajwnecie.pl\/?page_id=822","name":"KONTO BEZ KOMORNIKA - zarabianie w internecie","isPartOf":{"@id":"https:\/\/zarabiajwnecie.pl\/#website"},"primaryImageOfPage":{"@id":"https:\/\/zarabiajwnecie.pl\/?page_id=822#primaryimage"},"image":{"@id":"https:\/\/zarabiajwnecie.pl\/?page_id=822#primaryimage"},"thumbnailUrl":"http:\/\/polecenia.online\/wp-content\/uploads\/2025\/06\/IMG_7509-1024x479.jpeg","datePublished":"2025-06-05T11:52:35+00:00","dateModified":"2025-06-05T11:56:39+00:00","description":"Bezp\u0142atne Konto bankowe w EUR, kt\u00f3re nie podlega zaj\u0119ciu komorniczemu w Polsce. Jedna z najlepszych opcji dost\u0119pnych na rynku kont bankowych.","breadcrumb":{"@id":"https:\/\/zarabiajwnecie.pl\/?page_id=822#breadcrumb"},"inLanguage":"pl-PL","potentialAction":[{"@type":"ReadAction","target":["https:\/\/zarabiajwnecie.pl\/?page_id=822"]}]},{"@type":"ImageObject","inLanguage":"pl-PL","@id":"https:\/\/zarabiajwnecie.pl\/?page_id=822#primaryimage","url":"http:\/\/polecenia.online\/wp-content\/uploads\/2025\/06\/IMG_7509-1024x479.jpeg","contentUrl":"http:\/\/polecenia.online\/wp-content\/uploads\/2025\/06\/IMG_7509-1024x479.jpeg"},{"@type":"BreadcrumbList","@id":"https:\/\/zarabiajwnecie.pl\/?page_id=822#breadcrumb","itemListElement":[{"@type":"ListItem","position":1,"name":"Strona g\u0142\u00f3wna","item":"https:\/\/zarabiajwnecie.pl\/"},{"@type":"ListItem","position":2,"name":"KONTO BEZ KOMORNIKA"}]},{"@type":"WebSite","@id":"https:\/\/zarabiajwnecie.pl\/#website","url":"https:\/\/zarabiajwnecie.pl\/","name":"zarabianie w internecie","description":"","potentialAction":[{"@type":"SearchAction","target":{"@type":"EntryPoint","urlTemplate":"https:\/\/zarabiajwnecie.pl\/?s={search_term_string}"},"query-input":{"@type":"PropertyValueSpecification","valueRequired":true,"valueName":"search_term_string"}}],"inLanguage":"pl-PL"}]}},"post_mailing_queue_ids":[],"_links":{"self":[{"href":"https:\/\/zarabiajwnecie.pl\/index.php?rest_route=\/wp\/v2\/pages\/822","targetHints":{"allow":["GET"]}}],"collection":[{"href":"https:\/\/zarabiajwnecie.pl\/index.php?rest_route=\/wp\/v2\/pages"}],"about":[{"href":"https:\/\/zarabiajwnecie.pl\/index.php?rest_route=\/wp\/v2\/types\/page"}],"author":[{"embeddable":true,"href":"https:\/\/zarabiajwnecie.pl\/index.php?rest_route=\/wp\/v2\/users\/1"}],"replies":[{"embeddable":true,"href":"https:\/\/zarabiajwnecie.pl\/index.php?rest_route=%2Fwp%2Fv2%2Fcomments&post=822"}],"version-history":[{"count":2,"href":"https:\/\/zarabiajwnecie.pl\/index.php?rest_route=\/wp\/v2\/pages\/822\/revisions"}],"predecessor-version":[{"id":825,"href":"https:\/\/zarabiajwnecie.pl\/index.php?rest_route=\/wp\/v2\/pages\/822\/revisions\/825"}],"wp:attachment":[{"href":"https:\/\/zarabiajwnecie.pl\/index.php?rest_route=%2Fwp%2Fv2%2Fmedia&parent=822"}],"curies":[{"name":"wp","href":"https:\/\/api.w.org\/{rel}","templated":true}]}}